{"id":4959,"date":"2025-03-26T05:56:34","date_gmt":"2025-03-26T05:56:34","guid":{"rendered":"https:\/\/professional.com.ro\/new\/interim-package\/"},"modified":"2025-08-02T08:30:50","modified_gmt":"2025-08-02T08:30:50","slug":"interim-package","status":"publish","type":"page","link":"https:\/\/professional.com.ro\/new\/ro\/interim-package\/","title":{"rendered":"Pachet Interim"},"content":{"rendered":"<div class=\"wpb-content-wrapper\"><p>[vc_section top_divider_type=&#8221;custom&#8221; top_divider_custom=&#8221;JTNDc3ZnJTIweG1sbnMlM0QlMjJodHRwJTNBJTJGJTJGd3d3LnczLm9yZyUyRjIwMDAlMkZzdmclMjIlMjB4bWxucyUzQXhsaW5rJTNEJTIyaHR0cCUzQSUyRiUyRnd3dy53My5vcmclMkYxOTk5JTJGeGxpbmslMjIlMjBwcmVzZXJ2ZUFzcGVjdFJhdGlvJTNEJTIybm9uZSUyMiUyMHZpZXdCb3glM0QlMjIwJTIwMCUyMDE5MjAlMjAxMjMlMjIlMjB4JTNEJTIyMHB4JTIyJTIweSUzRCUyMjBweCUyMiUzRSUzQ3BvbHlnb24lMjBmaWxsJTNEJTIyJTIzRjNGM0YzJTIyJTIwcG9pbnRzJTNEJTIyMCUyQzkwJTIwMjIxJTJDNjAlMjA1NjMlMkM4OCUyMDkzMSUyQzM1JTIwMTQwOCUyQzkzJTIwMTkyMCUyQzQxJTIwMTkyMCUyQy0xJTIwMCUyQy0xJTIwJTIyJTNFJTIwJTIwJTIwJTIwJTNDJTJGcG9seWdvbiUzRSUzQ3BvbHlnb24lMjBmaWxsJTNEJTIyJTIzZjNlZGRmJTIyJTIwcG9pbnRzJTNEJTIyMCUyQzc1JTIwMjE5JTJDNDQlMjA1NjMlMkM3MiUyMDkzMCUyQzE5JTIwMTQwOCUyQzc3JTIwMTkyMCUyQzI1JTIwMTkyMCUyQy0xJTIwMCUyQy0xJTIwJTIyJTNFJTIwJTIwJTIwJTIwJTNDJTJGcG9seWdvbiUzRSUzQyUyRnN2ZyUzRQ==&#8221; top_divider_height=&#8221;123&#8243; conditional_render=&#8221;%5B%7B%22value_role%22%3A%22administrator%22%7D%5D&#8221; el_class=&#8221;custom-divider&#8221; css=&#8221;.vc_custom_1748442328143{background-color: #f3eddf !important;}&#8221; css_params=&#8221;&#8221;][vc_row wrap_container=&#8221;yes&#8221; css=&#8221;.vc_custom_1742968844071{padding-top: 50px !important;padding-bottom: 20px !important;background-color: var(&#8211;porto-primary-color) !important;}&#8221; el_class=&#8221;position-relative overflow-hidden custom-banner-size&#8221; conditional_render=&#8221;%5B%7B%22value_role%22%3A%22administrator%22%7D%5D&#8221; css_params=&#8221;&#8221;][vc_column width=&#8221;7\/12&#8243; el_class=&#8221;py-4 my-2 ms-md-3 ms-lg-0&#8243; offset=&#8221;vc_col-md-8&#8243;][vc_empty_space height=&#8221;62px&#8221; css_params=&#8221;&#8221;][vc_custom_heading text=&#8221;Oferim servicii deosebite&#8221; font_container=&#8221;tag:h3|font_size:35px|text_align:left|line_height:1.3&#8243; use_theme_fonts=&#8221;yes&#8221; font_weight=&#8221;500&#8243; letter_spacing=&#8221;0&#8243; animation_delay=&#8221;250&#8243; el_class=&#8221;text-white mb-3 pb-1&#8243; animation_type=&#8221;fadeInUp&#8221; css_params=&#8221;&#8221;][vc_empty_space css_params=&#8221;&#8221;][vc_custom_heading text=&#8221;Pornind de la evolu\u021bia nevoilor specifice ale clien\u021bilor no\u0219tri, na\u021bionali \u0219i interna\u021bionali, precum \u0219i de la expertiza de peste 30 de ani \u00een oferirea de solu\u021bii integrate bazate pe interimat, am alc\u0103tuit un pachet de servicii special destinat acestui tip de nevoi.&#8221; font_container=&#8221;tag:p|font_size:15.4px|text_align:left|color:var(&#8211;porto-light-color)&#8221; use_theme_fonts=&#8221;yes&#8221; animation_delay=&#8221;500&#8243; animation_type=&#8221;fadeInUp&#8221; el_class=&#8221;pb-3 mb-4&#8243; css_params=&#8221;&#8221;][vc_custom_heading text=&#8221;Am dezvoltat \u0219i dezvolt\u0103m \u00een continuare proiecte cu un areal larg de acoperire at\u00e2t din punctul de vedere al complexit\u0103\u021bii, volumului, dar \u0219i al anvergurii, \u00een industrii precum industria alimentar\u0103, textil\u0103, petrolier\u0103, \u00een agricultur\u0103, \u00een domeniul informatic.&#8221; font_container=&#8221;tag:p|font_size:15.4px|text_align:left|color:var(&#8211;porto-light-color)&#8221; use_theme_fonts=&#8221;yes&#8221; animation_delay=&#8221;500&#8243; animation_type=&#8221;fadeInUp&#8221; el_class=&#8221;pb-3 mb-4&#8243; css_params=&#8221;&#8221;][vc_custom_heading text=&#8221;Proiectele noastre se deruleaz\u0103 la nivel na\u021bional \u0219i interna\u021bional, acoperind \u0219i \u021b\u0103ri precum Germania, Belgia, Fran\u021ba, Elve\u021bia etc.&#8221; font_container=&#8221;tag:p|font_size:15.4px|text_align:left|color:var(&#8211;porto-light-color)&#8221; use_theme_fonts=&#8221;yes&#8221; animation_delay=&#8221;500&#8243; animation_type=&#8221;fadeInUp&#8221; el_class=&#8221;pb-3 mb-4&#8243; css_params=&#8221;&#8221;][vc_row_inner][vc_column_inner width=&#8221;1\/2&#8243;][vc_column_text css=&#8221;&#8221; css_params=&#8221;&#8221;]<\/p>\n<h3><i class=\"fa-solid fa-globe\"><\/i> 687+ Oameni angajati<\/h3>\n<p>[\/vc_column_text][\/vc_column_inner][vc_column_inner width=&#8221;1\/2&#8243;][vc_column_text css=&#8221;&#8221; css_params=&#8221;&#8221;]<\/p>\n<h3><i class=\"fa-solid fa-handshake\"><\/i> 672+\u00a0Companii mul\u021bumite<\/h3>\n<p>[\/vc_column_text][\/vc_column_inner][\/vc_row_inner][\/vc_column][vc_column width=&#8221;1\/2&#8243; el_class=&#8221;overlay-color-professional custom-overlay custom-contact h-100 d-none d-md-block&#8221; css=&#8221;.vc_custom_1742969164196{background-image: url(\/\/sw-themes.com\/porto_dummy\/wp-content\/uploads\/2021\/02\/background-2.jpg?id=318) !important;background-position: center !important;background-repeat: no-repeat !important;background-size: cover !important;}&#8221; conditional_render=&#8221;%5B%7B%22value_role%22%3A%22administrator%22%7D%5D&#8221; css_params=&#8221;&#8221;][\/vc_column][\/vc_row][\/vc_section][vc_row wrap_container=&#8221;yes&#8221; css=&#8221;.vc_custom_1613432994797{padding-top: 4.6153846154rem !important;padding-bottom: 4.6153846154rem !important;background: #f7f7f7 url(\/\/sw-themes.com\/porto_dummy\/wp-content\/uploads\/2021\/02\/background-3.jpg?id=330) !important;background-position: center !important;background-repeat: no-repeat !important;background-size: cover !important;}&#8221;][vc_column][vc_custom_heading text=&#8221;Pachetul Integrat Interim&#8221; font_container=&#8221;tag:h3|font_size:35px|text_align:center|line_height:1.3&#8243; use_theme_fonts=&#8221;yes&#8221; font_weight=&#8221;600&#8243; letter_spacing=&#8221;-1.75px&#8221; animation_delay=&#8221;250&#8243; el_class=&#8221;text-dark mb-4 pb-3&#8243; animation_type=&#8221;fadeInUp&#8221; css_params=&#8221;&#8221;][\/vc_column][vc_column animation_delay=&#8221;750&#8243; offset=&#8221;vc_col-md-11&#8243; el_class=&#8221;mx-auto&#8221; animation_type=&#8221;fadeInUp&#8221;]<div class=\"porto-carousel owl-carousel has-ccols ccols-xl-1 ccols-lg-1 ccols-md-1 ccols-sm-1 ccols-1 box-shadow-4 mb-4 bg-white stage-margin wpb_custom_683d7e68080059f1fb03f7280196f2d3 nav-pos-outside nav-style-1\" data-plugin-options=\"{&quot;themeConfig&quot;:true,&quot;stagePadding&quot;:10,&quot;margin&quot;:0,&quot;autoplay&quot;:false,&quot;mouseDrag&quot;:true,&quot;touchDrag&quot;:true,&quot;autoplayTimeout&quot;:5000,&quot;autoplayHoverPause&quot;:false,&quot;items&quot;:1,&quot;xl&quot;:1,&quot;lg&quot;:1,&quot;md&quot;:1,&quot;sm&quot;:1,&quot;xs&quot;:1,&quot;nav&quot;:&quot;yes&quot;,&quot;dots&quot;:false,&quot;animateIn&quot;:&quot;&quot;,&quot;animateOut&quot;:&quot;&quot;,&quot;loop&quot;:false,&quot;center&quot;:false,&quot;video&quot;:false,&quot;lazyLoad&quot;:false,&quot;fullscreen&quot;:false}\">[vc_column_text css=&#8221;&#8221; css_params=&#8221;&#8221;]<\/p>\n<div class=\"elementor-element elementor-element-3a1100af elementor-widget elementor-widget-heading\" data-id=\"3a1100af\" data-element_type=\"widget\" data-widget_type=\"heading.default\">\n<div class=\"elementor-widget-container\">\n<h5><\/h5>\n<h5 class=\"elementor-heading-title elementor-size-default\"><span style=\"font-size: 16px;\">Servicii incluse<\/span><\/h5>\n<\/div>\n<\/div>\n<section class=\"elementor-section elementor-inner-section elementor-element elementor-element-2c4e59ef elementor-section-boxed elementor-section-height-default elementor-section-height-default\" data-id=\"2c4e59ef\" data-element_type=\"section\">\n<div class=\"elementor-container elementor-column-gap-default\">\n<div class=\"elementor-column elementor-col-50 elementor-inner-column elementor-element elementor-element-1b7f91dd\" data-id=\"1b7f91dd\" data-element_type=\"column\" data-settings=\"{&quot;background_background&quot;:&quot;classic&quot;}\">\n<div class=\"elementor-widget-wrap elementor-element-populated\">\n<div class=\"elementor-element elementor-element-741073c0 elementor-widget elementor-widget-heading\" data-id=\"741073c0\" data-element_type=\"widget\" data-widget_type=\"heading.default\">\n<div class=\"elementor-widget-container\">\n<h2 class=\"elementor-heading-title elementor-size-default\">01<\/h2>\n<\/div>\n<\/div>\n<\/div>\n<\/div>\n<div class=\"elementor-column elementor-col-50 elementor-inner-column elementor-element elementor-element-11ef1cc7\" data-id=\"11ef1cc7\" data-element_type=\"column\">\n<div class=\"elementor-widget-wrap elementor-element-populated\">\n<div class=\"elementor-element elementor-element-6ec58840 elementor-widget elementor-widget-heading\" data-id=\"6ec58840\" data-element_type=\"widget\" data-widget_type=\"heading.default\">\n<div class=\"elementor-widget-container\">\n<h4 class=\"elementor-heading-title elementor-size-default\">Recrutarea \u0219i evaluarea personalului<\/h4>\n<\/div>\n<\/div>\n<div class=\"elementor-element elementor-element-370e1afe elementor-widget elementor-widget-text-editor\" data-id=\"370e1afe\" data-element_type=\"widget\" data-widget_type=\"text-editor.default\">\n<div class=\"elementor-widget-container\">\n<p>cu aplicabilitate \u00een zona de interimat, unde aceste procese sunt particularizate ca volum \u0219i ca specializare profesional\u0103<\/p>\n<\/div>\n<\/div>\n<\/div>\n<\/div>\n<\/div>\n<\/section>\n<section class=\"elementor-section elementor-inner-section elementor-element elementor-element-4f24b16f elementor-section-boxed elementor-section-height-default elementor-section-height-default\" data-id=\"4f24b16f\" data-element_type=\"section\">\n<div class=\"elementor-container elementor-column-gap-default\">\n<div class=\"elementor-column elementor-col-50 elementor-inner-column elementor-element elementor-element-23c7e2e6\" data-id=\"23c7e2e6\" data-element_type=\"column\" data-settings=\"{&quot;background_background&quot;:&quot;classic&quot;}\">\n<div class=\"elementor-widget-wrap elementor-element-populated\">\n<div class=\"elementor-element elementor-element-3c5191ea elementor-widget elementor-widget-heading\" data-id=\"3c5191ea\" data-element_type=\"widget\" data-widget_type=\"heading.default\">\n<div class=\"elementor-widget-container\">\n<h2 class=\"elementor-heading-title elementor-size-default\">02<\/h2>\n<\/div>\n<\/div>\n<\/div>\n<\/div>\n<div class=\"elementor-column elementor-col-50 elementor-inner-column elementor-element elementor-element-6a526fb6\" data-id=\"6a526fb6\" data-element_type=\"column\">\n<div class=\"elementor-widget-wrap elementor-element-populated\">\n<div class=\"elementor-element elementor-element-5407d5ef elementor-widget elementor-widget-heading\" data-id=\"5407d5ef\" data-element_type=\"widget\" data-widget_type=\"heading.default\">\n<div class=\"elementor-widget-container\">\n<h4 class=\"elementor-heading-title elementor-size-default\">Plasarea personalului \u0219i asisten\u021ba acestuia<\/h4>\n<\/div>\n<\/div>\n<div class=\"elementor-element elementor-element-557bc672 elementor-widget elementor-widget-text-editor\" data-id=\"557bc672\" data-element_type=\"widget\" data-widget_type=\"text-editor.default\">\n<div class=\"elementor-widget-container\">\n<p>pe \u00eentreaga durat\u0103 a derul\u0103rii contractului.<\/p>\n<\/div>\n<\/div>\n<\/div>\n<\/div>\n<\/div>\n<\/section>\n<section class=\"elementor-section elementor-inner-section elementor-element elementor-element-27ca6752 elementor-section-boxed elementor-section-height-default elementor-section-height-default\" data-id=\"27ca6752\" data-element_type=\"section\">\n<div class=\"elementor-container elementor-column-gap-default\">\n<div class=\"elementor-column elementor-col-50 elementor-inner-column elementor-element elementor-element-71992ac2\" data-id=\"71992ac2\" data-element_type=\"column\" data-settings=\"{&quot;background_background&quot;:&quot;classic&quot;}\">\n<div class=\"elementor-widget-wrap elementor-element-populated\">\n<div class=\"elementor-element elementor-element-1cad1e07 elementor-widget elementor-widget-heading\" data-id=\"1cad1e07\" data-element_type=\"widget\" data-widget_type=\"heading.default\">\n<div class=\"elementor-widget-container\">\n<h2 class=\"elementor-heading-title elementor-size-default\">03<\/h2>\n<\/div>\n<\/div>\n<\/div>\n<\/div>\n<div class=\"elementor-column elementor-col-50 elementor-inner-column elementor-element elementor-element-1f0818bd\" data-id=\"1f0818bd\" data-element_type=\"column\">\n<div class=\"elementor-widget-wrap elementor-element-populated\">\n<div class=\"elementor-element elementor-element-1fde847e elementor-widget elementor-widget-heading\" data-id=\"1fde847e\" data-element_type=\"widget\" data-widget_type=\"heading.default\">\n<div class=\"elementor-widget-container\">\n<h4 class=\"elementor-heading-title elementor-size-default\">Angajarea personalului<\/h4>\n<\/div>\n<\/div>\n<div class=\"elementor-element elementor-element-55de724c elementor-widget elementor-widget-text-editor\" data-id=\"55de724c\" data-element_type=\"widget\" data-widget_type=\"text-editor.default\">\n<div class=\"elementor-widget-container\">\n<p>u abordarea detaliilor legale, opera\u021bionale, de s\u0103n\u0103tate \u0219i siguran\u021b\u0103 a muncii, de integrare profesional\u0103 \u0219i organiza\u021bional\u0103.<\/p>\n<\/div>\n<\/div>\n<\/div>\n<\/div>\n<\/div>\n<\/section>\n<section class=\"elementor-section elementor-inner-section elementor-element elementor-element-5c5298f elementor-section-boxed elementor-section-height-default elementor-section-height-default\" data-id=\"5c5298f\" data-element_type=\"section\">\n<div class=\"elementor-container elementor-column-gap-default\">\n<div class=\"elementor-column elementor-col-50 elementor-inner-column elementor-element elementor-element-1bae4a9\" data-id=\"1bae4a9\" data-element_type=\"column\" data-settings=\"{&quot;background_background&quot;:&quot;classic&quot;}\">\n<div class=\"elementor-widget-wrap elementor-element-populated\">\n<div class=\"elementor-element elementor-element-29cdb0d elementor-widget elementor-widget-heading\" data-id=\"29cdb0d\" data-element_type=\"widget\" data-widget_type=\"heading.default\">\n<div class=\"elementor-widget-container\">\n<h2 class=\"elementor-heading-title elementor-size-default\">04<\/h2>\n<\/div>\n<\/div>\n<\/div>\n<\/div>\n<div class=\"elementor-column elementor-col-50 elementor-inner-column elementor-element elementor-element-b4a3890\" data-id=\"b4a3890\" data-element_type=\"column\">\n<div class=\"elementor-widget-wrap elementor-element-populated\">\n<div class=\"elementor-element elementor-element-4be0bfa elementor-widget elementor-widget-heading\" data-id=\"4be0bfa\" data-element_type=\"widget\" data-widget_type=\"heading.default\">\n<div class=\"elementor-widget-container\">\n<h4 class=\"elementor-heading-title elementor-size-default\">Administrarea personalului \u0219i salarizare<\/h4>\n<\/div>\n<\/div>\n<div class=\"elementor-element elementor-element-bb06788 elementor-widget elementor-widget-text-editor\" data-id=\"bb06788\" data-element_type=\"widget\" data-widget_type=\"text-editor.default\">\n<div class=\"elementor-widget-container\">\n<p>fde la \u00eentocmirea contractelor de munc\u0103, administrarea tuturor formelor legale legate de derularea \u00een condi\u021bii optime a activit\u0103\u021bii profesionale, servicii on site de asisten\u021b\u0103 specific\u0103, salarizare, administrarea rela\u021biei cu angajatul \u0219i cu autorit\u0103\u021bile competente \u00een acest domeniu.<\/p>\n<\/div>\n<\/div>\n<\/div>\n<\/div>\n<\/div>\n<\/section>\n<section class=\"elementor-section elementor-inner-section elementor-element elementor-element-eafe8c5 elementor-section-boxed elementor-section-height-default elementor-section-height-default\" data-id=\"eafe8c5\" data-element_type=\"section\">\n<div class=\"elementor-container elementor-column-gap-default\">\n<div class=\"elementor-column elementor-col-50 elementor-inner-column elementor-element elementor-element-824c982\" data-id=\"824c982\" data-element_type=\"column\" data-settings=\"{&quot;background_background&quot;:&quot;classic&quot;}\">\n<div class=\"elementor-widget-wrap elementor-element-populated\">\n<div class=\"elementor-element elementor-element-b6e5b9b elementor-widget elementor-widget-heading\" data-id=\"b6e5b9b\" data-element_type=\"widget\" data-widget_type=\"heading.default\">\n<div class=\"elementor-widget-container\">\n<h2 class=\"elementor-heading-title elementor-size-default\">05<\/h2>\n<\/div>\n<\/div>\n<\/div>\n<\/div>\n<div class=\"elementor-column elementor-col-50 elementor-inner-column elementor-element elementor-element-0868a67\" data-id=\"0868a67\" data-element_type=\"column\">\n<div class=\"elementor-widget-wrap elementor-element-populated\">\n<div class=\"elementor-element elementor-element-bdfbf00 elementor-widget elementor-widget-heading\" data-id=\"bdfbf00\" data-element_type=\"widget\" data-widget_type=\"heading.default\">\n<div class=\"elementor-widget-container\">\n<h4 class=\"elementor-heading-title elementor-size-default\">Logistic\u0103 \u2013 informa\u021bional\u0103, opera\u021bional\u0103, legal\u0103<\/h4>\n<\/div>\n<\/div>\n<div class=\"elementor-element elementor-element-456339e elementor-widget elementor-widget-text-editor\" data-id=\"456339e\" data-element_type=\"widget\" data-widget_type=\"text-editor.default\">\n<div class=\"elementor-widget-container\">\n<p>Punem la dispozi\u021bia clien\u021bilor no\u0219tri o infrastructur\u0103 logistic\u0103 detaliat\u0103 \u0219i permanent actualizat\u0103 pe toate cele trei componente.<\/p>\n<\/div>\n<\/div>\n<\/div>\n<\/div>\n<\/div>\n<\/section>\n<p>[\/vc_column_text]<\/div>[\/vc_column][\/vc_row]<\/p>\n<\/div>","protected":false},"excerpt":{"rendered":"<p>[vc_section top_divider_type=&#8221;custom&#8221; top_divider_custom=&#8221;JTNDc3ZnJTIweG1sbnMlM0QlMjJodHRwJTNBJTJGJTJGd3d3LnczLm9yZyUyRjIwMDAlMkZzdmclMjIlMjB4bWxucyUzQXhsaW5rJTNEJTIyaHR0cCUzQSUyRiUyRnd3dy53My5vcmclMkYxOTk5JTJGeGxpbmslMjIlMjBwcmVzZXJ2ZUFzcGVjdFJhdGlvJTNEJTIybm9uZSUyMiUyMHZpZXdCb3glM0QlMjIwJTIwMCUyMDE5MjAlMjAxMjMlMjIlMjB4JTNEJTIyMHB4JTIyJTIweSUzRCUyMjBweCUyMiUzRSUzQ3BvbHlnb24lMjBmaWxsJTNEJTIyJTIzRjNGM0YzJTIyJTIwcG9pbnRzJTNEJTIyMCUyQzkwJTIwMjIxJTJDNjAlMjA1NjMlMkM4OCUyMDkzMSUyQzM1JTIwMTQwOCUyQzkzJTIwMTkyMCUyQzQxJTIwMTkyMCUyQy0xJTIwMCUyQy0xJTIwJTIyJTNFJTIwJTIwJTIwJTIwJTNDJTJGcG9seWdvbiUzRSUzQ3BvbHlnb24lMjBmaWxsJTNEJTIyJTIzZjNlZGRmJTIyJTIwcG9pbnRzJTNEJTIyMCUyQzc1JTIwMjE5JTJDNDQlMjA1NjMlMkM3MiUyMDkzMCUyQzE5JTIwMTQwOCUyQzc3JTIwMTkyMCUyQzI1JTIwMTkyMCUyQy0xJTIwMCUyQy0xJTIwJTIyJTNFJTIwJTIwJTIwJTIwJTNDJTJGcG9seWdvbiUzRSUzQyUyRnN2ZyUzRQ==&#8221; top_divider_height=&#8221;123&#8243; conditional_render=&#8221;%5B%7B%22value_role%22%3A%22administrator%22%7D%5D&#8221; el_class=&#8221;custom-divider&#8221; css=&#8221;.vc_custom_1748442328143{background-color: #f3eddf !important;}&#8221; css_params=&#8221;&#8221;][vc_row wrap_container=&#8221;yes&#8221; css=&#8221;.vc_custom_1742968844071{padding-top: 50px !important;padding-bottom: 20px !important;background-color: var(&#8211;porto-primary-color) !important;}&#8221; el_class=&#8221;position-relative overflow-hidden custom-banner-size&#8221; conditional_render=&#8221;%5B%7B%22value_role%22%3A%22administrator%22%7D%5D&#8221; css_params=&#8221;&#8221;][vc_column width=&#8221;7\/12&#8243; el_class=&#8221;py-4 my-2 ms-md-3 ms-lg-0&#8243; offset=&#8221;vc_col-md-8&#8243;][vc_empty_space height=&#8221;62px&#8221; css_params=&#8221;&#8221;][vc_custom_heading text=&#8221;Oferim servicii deosebite&#8221; font_container=&#8221;tag:h3|font_size:35px|text_align:left|line_height:1.3&#8243; use_theme_fonts=&#8221;yes&#8221; font_weight=&#8221;500&#8243; letter_spacing=&#8221;0&#8243; animation_delay=&#8221;250&#8243; el_class=&#8221;text-white mb-3 pb-1&#8243; animation_type=&#8221;fadeInUp&#8221; css_params=&#8221;&#8221;][vc_empty_space css_params=&#8221;&#8221;][vc_custom_heading text=&#8221;Pornind de la evolu\u021bia nevoilor specifice ale clien\u021bilor no\u0219tri, na\u021bionali [&hellip;]<\/p>\n","protected":false},"author":1,"featured_media":0,"parent":0,"menu_order":0,"comment_status":"closed","ping_status":"closed","template":"","meta":{"_acf_changed":false,"content-type":"","footnotes":""},"class_list":["post-4959","page","type-page","status-publish","hentry"],"acf":[],"_links":{"self":[{"href":"https:\/\/professional.com.ro\/new\/ro\/wp-json\/wp\/v2\/pages\/4959","targetHints":{"allow":["GET"]}}],"collection":[{"href":"https:\/\/professional.com.ro\/new\/ro\/wp-json\/wp\/v2\/pages"}],"about":[{"href":"https:\/\/professional.com.ro\/new\/ro\/wp-json\/wp\/v2\/types\/page"}],"author":[{"embeddable":true,"href":"https:\/\/professional.com.ro\/new\/ro\/wp-json\/wp\/v2\/users\/1"}],"replies":[{"embeddable":true,"href":"https:\/\/professional.com.ro\/new\/ro\/wp-json\/wp\/v2\/comments?post=4959"}],"version-history":[{"count":3,"href":"https:\/\/professional.com.ro\/new\/ro\/wp-json\/wp\/v2\/pages\/4959\/revisions"}],"predecessor-version":[{"id":4963,"href":"https:\/\/professional.com.ro\/new\/ro\/wp-json\/wp\/v2\/pages\/4959\/revisions\/4963"}],"wp:attachment":[{"href":"https:\/\/professional.com.ro\/new\/ro\/wp-json\/wp\/v2\/media?parent=4959"}],"curies":[{"name":"wp","href":"https:\/\/api.w.org\/{rel}","templated":true}]}}