{"id":4950,"date":"2025-03-25T20:01:50","date_gmt":"2025-03-25T20:01:50","guid":{"rendered":"https:\/\/professional.com.ro\/new\/we-support\/"},"modified":"2025-08-02T07:56:05","modified_gmt":"2025-08-02T07:56:05","slug":"we-support","status":"publish","type":"page","link":"https:\/\/professional.com.ro\/new\/ro\/we-support\/","title":{"rendered":"Sus\u021binem"},"content":{"rendered":"<div class=\"wpb-content-wrapper\"><p>[vc_row wrap_container=&#8221;yes&#8221; el_class=&#8221;pt-3 pb-5 mt-4 mb-5&#8243; css=&#8221;.vc_custom_1748441583945{background-color: #f3eddf !important;}&#8221; conditional_render=&#8221;%5B%7B%22value_role%22%3A%22administrator%22%7D%5D&#8221; css_params=&#8221;&#8221;][vc_column][vc_custom_heading text=&#8221;Sus\u021binem \u0219i ne implic\u0103m \u00een proiecte durabile care sunt centrate pe valori care stau la baza dezvolt\u0103rii noastre&#8221; font_container=&#8221;tag:h2|font_size:35px|text_align:center|line_height:1.3&#8243; use_theme_fonts=&#8221;yes&#8221; font_weight=&#8221;600&#8243; letter_spacing=&#8221;-1.75px&#8221; animation_delay=&#8221;250&#8243; el_class=&#8221;mb-4 mb-lg-3 mb-xl-4&#8243; animation_type=&#8221;fadeInUp&#8221; css_params=&#8221;&#8221;][vc_row_inner][vc_column_inner width=&#8221;1\/2&#8243;][vc_column_text css=&#8221;&#8221; css_params=&#8221;&#8221;]<\/p>\n<div class=\"elementor-element elementor-element-6e5f43c3 elementor-widget elementor-widget-heading animated fadeIn\" data-id=\"6e5f43c3\" data-element_type=\"widget\" data-settings=\"{&quot;_animation&quot;:&quot;fadeIn&quot;}\" data-widget_type=\"heading.default\">\n<div class=\"elementor-widget-container\"><strong class=\"elementor-heading-title elementor-size-default\">Cele mai recente proiecte \u0219i organiza\u021bii al\u0103turi de care \u00eencerc\u0103m s\u0103 contribuim la dezvoltarea sustenabil\u0103 sunt:<\/strong><\/div>\n<\/div>\n<div class=\"elementor-element elementor-element-9828738 elementor-widget elementor-widget-image animated bounceIn\" data-id=\"9828738\" data-element_type=\"widget\" data-settings=\"{&quot;_animation&quot;:&quot;bounceIn&quot;}\" data-widget_type=\"image.default\"><\/div>\n<div class=\"elementor-element elementor-element-62263a8c elementor-widget elementor-widget-text-editor animated fadeIn\" data-id=\"62263a8c\" data-element_type=\"widget\" data-settings=\"{&quot;_animation&quot;:&quot;fadeIn&quot;}\" data-widget_type=\"text-editor.default\">\n<div class=\"elementor-widget-container\"><img loading=\"lazy\" decoding=\"async\" class=\"alignnone size-full wp-image-4920\" src=\"https:\/\/professional.com.ro\/new\/wp-content\/uploads\/2025\/08\/vp-1-300x124-1.png\" alt=\"\" width=\"300\" height=\"124\" \/><br \/>\n<a href=\"https:\/\/www.viitorplus.ro\/\">Viitor Plus \u2013 asocia\u021bia pentru dezvoltare durabil\u0103 <\/a> &#8211; este o organiza\u021bie nonprofit, care deruleaz\u0103 din 2006 proiecte de \u00eemp\u0103durire, reciclare, educa\u021bie \u0219i con\u0219tientizare, produc\u021bie de confec\u021bii textile naturale, construc\u021bie de colectoare solare, proiecte ce contribuie la solu\u021bionarea unor probleme sociale \u0219i de mediu \u00een diferite jude\u021be ale \u021b\u0103rii precum: Constan\u021ba, C\u0103l\u0103ra\u0219i, Prahova, Ilfov, S\u0103laj \u0219i Teleorman sau \u00een Bucure\u0219ti. Printre cele mai cunoscute proiecte ale organiza\u021biei, care au primit premii \u00een cadrul \u201eGalei Societ\u0103\u021bii Civile\u201d, sunt \u201eAdopt\u0103 un copac!\u201d, \u201eAtelierul de p\u00e2nz\u0103\u201d, \u201eRecicleta\u201d.<\/div>\n<\/div>\n<p>[\/vc_column_text][\/vc_column_inner][vc_column_inner width=&#8221;1\/2&#8243;][vc_column_text css=&#8221;&#8221; css_params=&#8221;&#8221;]<\/p>\n<div class=\"elementor-element elementor-element-169dcd2 elementor-widget elementor-widget-text-editor animated zoomInRight\" data-id=\"169dcd2\" data-element_type=\"widget\" data-settings=\"{&quot;_animation&quot;:&quot;zoomInRight&quot;}\" data-widget_type=\"text-editor.default\">\n<div class=\"elementor-widget-container\">\n<p><strong>Ateliere F\u0103r\u0103 Frontiere<\/strong> (AFF) este o asocia\u021bie rom\u00e2n\u0103, creat\u0103 \u00een mai 2008, av\u00e2nd ca scop inser\u021bia social\u0103, profesional\u0103 \u0219i civic\u0103 a persoanelor aflate \u00een mare dificultate. Cele 3 misiuni ale asocia\u021biei sunt:<\/p>\n<ul>\n<li>lupta \u00eempotriva excluziunii<\/li>\n<li>protejarea mediului<\/li>\n<li>solidaritate pentru proiecte de educa\u021bie \u0219i dezvoltare local\u0103<\/li>\n<\/ul>\n<\/div>\n<\/div>\n<div class=\"elementor-element elementor-element-e818329 elementor-widget elementor-widget-image animated bounceIn\" data-id=\"e818329\" data-element_type=\"widget\" data-settings=\"{&quot;_animation&quot;:&quot;bounceIn&quot;}\" data-widget_type=\"image.default\">\n<div class=\"elementor-widget-container\"><img loading=\"lazy\" decoding=\"async\" class=\"alignnone size-full wp-image-4915\" src=\"https:\/\/professional.com.ro\/new\/wp-content\/uploads\/2025\/08\/aff-300x255-1.png\" alt=\"\" width=\"300\" height=\"255\" \/><\/div>\n<\/div>\n<p>[\/vc_column_text][\/vc_column_inner][\/vc_row_inner][\/vc_column][\/vc_row]<\/p>\n<\/div>","protected":false},"excerpt":{"rendered":"<p>[vc_row wrap_container=&#8221;yes&#8221; el_class=&#8221;pt-3 pb-5 mt-4 mb-5&#8243; css=&#8221;.vc_custom_1748441583945{background-color: #f3eddf !important;}&#8221; conditional_render=&#8221;%5B%7B%22value_role%22%3A%22administrator%22%7D%5D&#8221; css_params=&#8221;&#8221;][vc_column][vc_custom_heading text=&#8221;Sus\u021binem \u0219i ne implic\u0103m \u00een proiecte durabile care sunt centrate pe valori care stau la baza dezvolt\u0103rii noastre&#8221; font_container=&#8221;tag:h2|font_size:35px|text_align:center|line_height:1.3&#8243; use_theme_fonts=&#8221;yes&#8221; font_weight=&#8221;600&#8243; letter_spacing=&#8221;-1.75px&#8221; animation_delay=&#8221;250&#8243; el_class=&#8221;mb-4 mb-lg-3 mb-xl-4&#8243; animation_type=&#8221;fadeInUp&#8221; css_params=&#8221;&#8221;][vc_row_inner][vc_column_inner width=&#8221;1\/2&#8243;][vc_column_text css=&#8221;&#8221; css_params=&#8221;&#8221;] Cele mai recente proiecte \u0219i organiza\u021bii al\u0103turi de care \u00eencerc\u0103m s\u0103 contribuim la [&hellip;]<\/p>\n","protected":false},"author":1,"featured_media":0,"parent":0,"menu_order":0,"comment_status":"closed","ping_status":"closed","template":"","meta":{"_acf_changed":false,"content-type":"","footnotes":""},"class_list":["post-4950","page","type-page","status-publish","hentry"],"acf":[],"_links":{"self":[{"href":"https:\/\/professional.com.ro\/new\/ro\/wp-json\/wp\/v2\/pages\/4950","targetHints":{"allow":["GET"]}}],"collection":[{"href":"https:\/\/professional.com.ro\/new\/ro\/wp-json\/wp\/v2\/pages"}],"about":[{"href":"https:\/\/professional.com.ro\/new\/ro\/wp-json\/wp\/v2\/types\/page"}],"author":[{"embeddable":true,"href":"https:\/\/professional.com.ro\/new\/ro\/wp-json\/wp\/v2\/users\/1"}],"replies":[{"embeddable":true,"href":"https:\/\/professional.com.ro\/new\/ro\/wp-json\/wp\/v2\/comments?post=4950"}],"version-history":[{"count":2,"href":"https:\/\/professional.com.ro\/new\/ro\/wp-json\/wp\/v2\/pages\/4950\/revisions"}],"predecessor-version":[{"id":4952,"href":"https:\/\/professional.com.ro\/new\/ro\/wp-json\/wp\/v2\/pages\/4950\/revisions\/4952"}],"wp:attachment":[{"href":"https:\/\/professional.com.ro\/new\/ro\/wp-json\/wp\/v2\/media?parent=4950"}],"curies":[{"name":"wp","href":"https:\/\/api.w.org\/{rel}","templated":true}]}}