{"id":4939,"date":"2021-02-10T02:33:27","date_gmt":"2021-02-10T02:33:27","guid":{"rendered":"https:\/\/professional.com.ro\/new\/about-us\/"},"modified":"2025-11-05T15:43:29","modified_gmt":"2025-11-05T15:43:29","slug":"about-us","status":"publish","type":"page","link":"https:\/\/professional.com.ro\/new\/ro\/about-us\/","title":{"rendered":"Despre noi"},"content":{"rendered":"<div class=\"wpb-content-wrapper\"><p>[vc_row wrap_container=&#8221;yes&#8221; el_class=&#8221;pt-3 mt-4&#8243; css=&#8221;.vc_custom_1748439933888{background-color: #f3eddf !important;}&#8221; conditional_render=&#8221;%5B%7B%22value_role%22%3A%22administrator%22%7D%5D&#8221; css_params=&#8221;&#8221;][vc_column][vc_custom_heading text=&#8221;\u00cenfiiin\u021bat\u0103 \u00een 1995, agen\u021bia Professional s-a dezvoltat constant pe fondul necesit\u0103\u021bilor \u00een cre\u0219tere de servicii specializate \u0219i expertiz\u0103 \u00een domeniul resurselor umane.&#8221; font_container=&#8221;tag:p|font_size:17.4px|text_align:center&#8221; use_theme_fonts=&#8221;yes&#8221; animation_delay=&#8221;500&#8243; animation_type=&#8221;fadeInUp&#8221; css_params=&#8221;&#8221;][\/vc_column][\/vc_row][vc_row wrap_container=&#8221;yes&#8221; gap=&#8221;20&#8243; content_placement=&#8221;middle&#8221; el_class=&#8221;m-b-lg&#8221; css=&#8221;.vc_custom_1748439978342{padding-top: 10px !important;padding-bottom: 33px !important;background-color: #f3eddf !important;}&#8221; conditional_render=&#8221;%5B%7B%22value_role%22%3A%22administrator%22%7D%5D&#8221; css_params=&#8221;&#8221;][vc_column offset=&#8221;vc_col-lg-7 vc_col-md-6&#8243; el_class=&#8221;mb-lg-0 mb-4&#8243;][vc_row_inner content_placement=&#8221;middle&#8221; el_class=&#8221;custom-gutter-sm&#8221;][vc_column_inner el_class=&#8221;col-auto mb-md-0 mb-4&#8243; width=&#8221;1\/2&#8243; animation_delay=&#8221;1000&#8243; offset=&#8221;vc_col-xs-12&#8243; animation_type=&#8221;fadeInLeft&#8221;]<div class=\"porto-sicon-box mb-0 custom-info-style  wpb_custom_860683fe6d5975d7b2cff563f7366f5c style_1 default-icon\"><div class=\"porto-sicon-default\"><div class=\"porto-just-icon-wrapper porto-sicon-img  porto-icon-9f5d1cfb45d27d96b50bf473aebba227\" style=\"font-size: 63px;margin-right:16px;\"><img loading=\"lazy\" decoding=\"async\" class=\"img-icon\" alt=\"\" src=\"https:\/\/professional.com.ro\/new\/wp-content\/uploads\/2025\/06\/p-icon.jpg\" width=\"63\" height=\"63\" \/><\/div><\/div><div class=\"porto-sicon-header\"><h3 class=\"porto-sicon-title\" style=\"font-weight:700;font-size:38.5px;line-height:26px;letter-spacing:0;margin-bottom:0px;\">30+<\/h3><p style=\"font-weight:700;font-size:14px;line-height:26px;color:#212529;\">ani de experien\u021b\u0103<\/p><\/div> <!-- header --><\/div><!-- porto-sicon-box -->[\/vc_column_inner][\/vc_row_inner][\/vc_column][vc_column offset=&#8221;vc_col-lg-5 vc_col-md-6&#8243; el_class=&#8221;custom-gutter-sm&#8221;][vc_btn title=&#8221;Contact&#8221; skin=&#8221;dark&#8221; btn_fs=&#8221;0.9625rem&#8221; btn_fw=&#8221;600&#8243; btn_ls=&#8221;0&#8243; animation_delay=&#8221;1600&#8243; link=&#8221;url:https%3A%2F%2Fprofessional.com.ro%2Fnew%2Fro%2Fcontact-us%2F|title:Contact%20Us&#8221; el_class=&#8221;custom-btn-style-1 mb-0 col-auto&#8221; btn_px=&#8221;20px&#8221; btn_py=&#8221;12px&#8221; animation_type=&#8221;fadeInLeft&#8221; css_params=&#8221;&#8221;]<a class=\"porto-sicon-box-link\" href=\"tel:+4%20021%20310%2020%2025\"><div class=\"porto-sicon-box col-auto mb-0 text-color-hover-primary mt-4 mt-sm-0  wpb_custom_860683fe6d5975d7b2cff563f7366f5c style_1 default-icon\" data-appear-animation=\"fadeInLeft\" data-appear-animation-delay=\"1800\"><div class=\"porto-sicon-default\"><div class=\"porto-just-icon-wrapper porto-icon none\" style=\"color:#212529;font-size:25px;margin-right:8px;\"><i class=\"porto-icon-phone-call\"><\/i><\/div><\/div><div class=\"porto-sicon-header\"><h3 class=\"porto-sicon-title\" style=\"font-weight:600;font-size:14px;letter-spacing:0;\">+4 021 310 20 25<\/h3><\/div> <!-- header --><\/div><!-- porto-sicon-box --><\/a>[\/vc_column][\/vc_row][vc_row wrap_container=&#8221;yes&#8221; gap=&#8221;20&#8243; css=&#8221;.vc_custom_1748439989344{background-color: #f3eddf !important;}&#8221; conditional_render=&#8221;%5B%7B%22value_role%22%3A%22administrator%22%7D%5D&#8221; css_params=&#8221;&#8221;][vc_column width=&#8221;1\/2&#8243; el_class=&#8221;mb-4 mb-md-0 custom-height-1 custom-width-1&#8243; offset=&#8221;vc_col-xs-12&#8243;][vc_single_image image=&#8221;4179&#8243; img_size=&#8221;full&#8221; css=&#8221;&#8221; el_class=&#8221;custom-box-shadow-1 mb-0&#8243; css_params=&#8221;&#8221;][\/vc_column][vc_column width=&#8221;1\/4&#8243; offset=&#8221;vc_col-xs-6&#8243; el_class=&#8221;custom-height-1 custom-width-1&#8243;][vc_single_image image=&#8221;4177&#8243; img_size=&#8221;full&#8221; css=&#8221;&#8221; el_class=&#8221;custom-box-shadow-1 mb-0&#8243; css_params=&#8221;&#8221;][\/vc_column][vc_column width=&#8221;1\/4&#8243; offset=&#8221;vc_col-xs-6&#8243; el_class=&#8221;custom-width-1 custom-height-2 custom-height-1&#8243;][vc_single_image image=&#8221;120&#8243; img_size=&#8221;full&#8221; animation_delay=&#8221;200&#8243; el_class=&#8221;mb-4 custom-box-shadow-1&#8243; animation_type=&#8221;fadeInRight&#8221;][vc_single_image image=&#8221;4382&#8243; img_size=&#8221;full&#8221; css=&#8221;&#8221; animation_delay=&#8221;200&#8243; animation_type=&#8221;fadeInRight&#8221; el_class=&#8221;custom-box-shadow-1 mb-0&#8243; css_params=&#8221;&#8221;][\/vc_column][\/vc_row][vc_section top_divider_type=&#8221;custom&#8221; top_divider_custom=&#8221;JTNDc3ZnJTIweG1sbnMlM0QlMjJodHRwJTNBJTJGJTJGd3d3LnczLm9yZyUyRjIwMDAlMkZzdmclMjIlMjB4bWxucyUzQXhsaW5rJTNEJTIyaHR0cCUzQSUyRiUyRnd3dy53My5vcmclMkYxOTk5JTJGeGxpbmslMjIlMjBwcmVzZXJ2ZUFzcGVjdFJhdGlvJTNEJTIybm9uZSUyMiUyMHZpZXdCb3glM0QlMjIwJTIwMCUyMDE5MjAlMjAxMjMlMjIlMjB4JTNEJTIyMHB4JTIyJTIweSUzRCUyMjBweCUyMiUzRSUzQ3BvbHlnb24lMjBmaWxsJTNEJTIyJTIzRjNGM0YzJTIyJTIwcG9pbnRzJTNEJTIyMCUyQzkwJTIwMjIxJTJDNjAlMjA1NjMlMkM4OCUyMDkzMSUyQzM1JTIwMTQwOCUyQzkzJTIwMTkyMCUyQzQxJTIwMTkyMCUyQy0xJTIwMCUyQy0xJTIwJTIyJTNFJTIwJTIwJTIwJTIwJTNDJTJGcG9seWdvbiUzRSUzQ3BvbHlnb24lMjBmaWxsJTNEJTIyJTIzZjNlZGRmJTIyJTIwcG9pbnRzJTNEJTIyMCUyQzc1JTIwMjE5JTJDNDQlMjA1NjMlMkM3MiUyMDkzMCUyQzE5JTIwMTQwOCUyQzc3JTIwMTkyMCUyQzI1JTIwMTkyMCUyQy0xJTIwMCUyQy0xJTIwJTIyJTNFJTIwJTIwJTIwJTIwJTNDJTJGcG9seWdvbiUzRSUzQyUyRnN2ZyUzRQ==&#8221; bottom_divider_type=&#8221;custom&#8221; bottom_divider_custom=&#8221;JTNDc3ZnJTIweG1sbnMlM0QlMjJodHRwJTNBJTJGJTJGd3d3LnczLm9yZyUyRjIwMDAlMkZzdmclMjIlMjB4bWxucyUzQXhsaW5rJTNEJTIyaHR0cCUzQSUyRiUyRnd3dy53My5vcmclMkYxOTk5JTJGeGxpbmslMjIlMjBwcmVzZXJ2ZUFzcGVjdFJhdGlvJTNEJTIybm9uZSUyMiUyMHZpZXdCb3glM0QlMjIwJTIwMCUyMDE5MjAlMjAxMjMlMjIlMjB4JTNEJTIyMHB4JTIyJTIweSUzRCUyMjBweCUyMiUzRSUzQ3BvbHlnb24lMjBmaWxsJTNEJTIyJTIzRjNGM0YzJTIyJTIwcG9pbnRzJTNEJTIyMCUyQzkwJTIwMjIxJTJDNjAlMjA1NjMlMkM4OCUyMDkzMSUyQzM1JTIwMTQwOCUyQzkzJTIwMTkyMCUyQzQxJTIwMTkyMCUyQy0xJTIwMCUyQy0xJTIwJTIyJTNFJTIwJTIwJTIwJTIwJTNDJTJGcG9seWdvbiUzRSUzQ3BvbHlnb24lMjBmaWxsJTNEJTIyJTIzZjNlZGRmJTIyJTIwcG9pbnRzJTNEJTIyMCUyQzc1JTIwMjE5JTJDNDQlMjA1NjMlMkM3MiUyMDkzMCUyQzE5JTIwMTQwOCUyQzc3JTIwMTkyMCUyQzI1JTIwMTkyMCUyQy0xJTIwMCUyQy0xJTIwJTIyJTNFJTIwJTIwJTIwJTIwJTNDJTJGcG9seWdvbiUzRSUzQyUyRnN2ZyUzRQ==&#8221; bottom_divider_invert=&#8221;true&#8221; top_divider_height=&#8221;123&#8243; conditional_render=&#8221;%5B%7B%22value_role%22%3A%22administrator%22%7D%5D&#8221; bottom_divider_height=&#8221;123&#8243; css=&#8221;.vc_custom_1748442499284{background-color: #f3eddf !important;}&#8221; css_params=&#8221;&#8221;][vc_row wrap_container=&#8221;yes&#8221; content_placement=&#8221;middle&#8221; el_class=&#8221;position-relative overflow-hidden&#8221; css=&#8221;.vc_custom_1748440239491{padding-top: 10.4230769231rem !important;padding-bottom: 9.323077rem !important;background-color: #ededed !important;}&#8221; conditional_render=&#8221;%5B%7B%22value_role%22%3A%22administrator%22%7D%5D&#8221; css_params=&#8221;&#8221;][vc_column offset=&#8221;vc_col-md-5&#8243;][vc_single_image image=&#8221;452&#8243; img_size=&#8221;full&#8221; alignment=&#8221;center&#8221; el_class=&#8221;mb-0&#8243;][vc_empty_space css_params=&#8221;&#8221;][vc_custom_heading text=&#8221;Abordarea \u201eProfessional\u201d&#8221; font_container=&#8221;tag:h2|font_size:35px|text_align:left|line_height:1.3&#8243; use_theme_fonts=&#8221;yes&#8221; font_weight=&#8221;600&#8243; letter_spacing=&#8221;-0.05em&#8221; el_class=&#8221;mb-4&#8243; css_params=&#8221;&#8221;][vc_column_text css=&#8221;&#8221; css_params=&#8221;&#8221;]<\/p>\n<div class=\"elementor-element elementor-element-6ce305cc elementor-widget elementor-widget-heading\" data-id=\"6ce305cc\" data-element_type=\"widget\" data-widget_type=\"heading.default\">\n<div class=\"elementor-widget-container\">\n<p>\u2713 \u00cen\u021belegerea clien\u021bilor cu care lucr\u0103m<br data-start=\"39\" data-end=\"42\" \/>\u2713 Abordarea proiectelor \u0219i solicit\u0103rilor \u00een conformitate cu dinamica \u0219i contextul mediului economic, social \u0219i cultural<br data-start=\"161\" data-end=\"164\" \/>\u2713 Respectarea celor mai \u00eenalte standarde \u0219i principii etice \u0219i de conduit\u0103 profesional\u0103 \u00een dezvoltarea afacerii<\/p>\n<\/div>\n<\/div>\n<p>[\/vc_column_text][\/vc_column][vc_column offset=&#8221;vc_col-md-7&#8243;][vc_custom_heading text=&#8221;Afiliere&#8221; font_container=&#8221;tag:h2|font_size:35px|text_align:left|line_height:1.3&#8243; use_theme_fonts=&#8221;yes&#8221; font_weight=&#8221;600&#8243; letter_spacing=&#8221;-0.05em&#8221; el_class=&#8221;mb-4&#8243; css_params=&#8221;&#8221;][vc_column_text css=&#8221;&#8221; css_params=&#8221;&#8221;]<\/p>\n<div class=\"elementor-element elementor-element-6ce305cc elementor-widget elementor-widget-heading\" data-id=\"6ce305cc\" data-element_type=\"widget\" data-widget_type=\"heading.default\">\n<div class=\"elementor-widget-container\">\n<p>Consider\u0103m networking-ul un instrument important \u0219i suntem membri \u00een diferite organiza\u021bii locale \u0219i interna\u021bionale.<br data-start=\"115\" data-end=\"118\" \/>\u2713 Cornerstone International Group \u2013 <a class=\"\" href=\"http:\/\/www.cornerstone-group.com\" target=\"_new\" rel=\"noopener\" data-start=\"154\" data-end=\"179\">www.cornerstone-group.com<\/a><br data-start=\"179\" data-end=\"182\" \/>\u2713 AESC \u2013 The Association of Executive Search Consultants<br data-start=\"238\" data-end=\"241\" \/>\u2713 AMCHAM \u2013 The American Chamber of Commerce<br data-start=\"284\" data-end=\"287\" \/>\u2713 AFSRU \u2013 Asocia\u021bia Furnizorilor de Servicii de Resurse Umane<\/p>\n<\/div>\n<\/div>\n<p>[\/vc_column_text][vc_custom_heading text=&#8221;Acoperire teritorial\u0103&#8221; font_container=&#8221;tag:h2|font_size:35px|text_align:left|line_height:1.3&#8243; use_theme_fonts=&#8221;yes&#8221; font_weight=&#8221;600&#8243; letter_spacing=&#8221;-0.05em&#8221; el_class=&#8221;mb-4&#8243; css_params=&#8221;&#8221;][vc_column_text css=&#8221;&#8221; css_params=&#8221;&#8221;]<\/p>\n<div class=\"elementor-element elementor-element-6ce305cc elementor-widget elementor-widget-heading\" data-id=\"6ce305cc\" data-element_type=\"widget\" data-widget_type=\"heading.default\">\n<div class=\"elementor-widget-container\">\n<p>Extinderea constant\u0103 a teritoriului acoperit de serviciile noastre, astfel \u00eenc\u00e2t s\u0103 ne afl\u0103m acolo unde ave\u021bi nevoie de expertiza noastr\u0103.<\/p>\n<\/div>\n<\/div>\n<p>[\/vc_column_text][\/vc_column][\/vc_row][\/vc_section][vc_row wrap_container=&#8221;yes&#8221; el_class=&#8221;py-5 mb-5&#8243; css=&#8221;.vc_custom_1748440275033{background-color: #f3eddf !important;}&#8221; conditional_render=&#8221;%5B%7B%22value_role%22%3A%22administrator%22%7D%5D&#8221; css_params=&#8221;&#8221;][vc_column][vc_tabs position=&#8221;top-center&#8221; type=&#8221;tabs-simple&#8221; el_class=&#8221;custom-tab mb-0&#8243;][vc_tab title=&#8221;Viziune&#8221; tab_id=&#8221;18415a4a-c3b2-2&#8243;][vc_custom_heading text=&#8221;Credem c\u0103 nu pot exista solu\u021bii \u201ebune\u201d numai pentru angaja\u021bi sau \u201ebune\u201d numai pentru angajatori.<br \/>\n\u0218i nici solu\u021bii \u201esemi-preparate\u201d pentru grupuri sau categorii de persoane sau entit\u0103\u021bi.&#8221; font_container=&#8221;tag:p|font_size:15.4px|text_align:center|color:var(&#8211;porto-primary-color)&#8221; use_theme_fonts=&#8221;yes&#8221; el_class=&#8221;m-b-md&#8221; css_params=&#8221;&#8221; animation_type=&#8221;bounce&#8221;][vc_custom_heading text=&#8221;\u00cen viziunea Agen\u021biei Professional, solu\u021biile optime sunt \u00eentotdeauna cele elaborate pentru fiecare<br \/>\norganiza\u021bie \u00een parte, \u00een ansamblul ei \u0219i potrivit specificit\u0103\u021bii sale unice.&#8221; font_container=&#8221;tag:p|font_size:15.4px|text_align:center|color:var(&#8211;porto-primary-color)&#8221; use_theme_fonts=&#8221;yes&#8221; el_class=&#8221;m-b-md&#8221; css_params=&#8221;&#8221; animation_type=&#8221;bounce&#8221;][\/vc_tab][vc_tab title=&#8221;Misiune&#8221; tab_id=&#8221;1613658067791-2-1&#8243;][vc_custom_heading text=&#8221;Misiunea noastr\u0103 const\u0103 \u00een a aduce un aport semnificativ la succesul clien\u021bilor no\u0219tri \u0219i valoarea ad\u0103ugat\u0103<br \/>\nafacerilor prin furnizarea de solu\u021bii \u00eenalt calitative care aliniaz\u0103 interesele organiza\u021biilor cu cele ale angaja\u021bilor.&#8221; font_container=&#8221;tag:p|font_size:15.4px|text_align:center|color:var(&#8211;porto-primary-color)&#8221; use_theme_fonts=&#8221;yes&#8221; el_class=&#8221;m-b-md&#8221; css_params=&#8221;&#8221; animation_type=&#8221;bounce&#8221;][vc_custom_heading text=&#8221;Obiectivul nostru este acela de a deveni cea mai bun\u0103 companie de consultan\u021b\u0103 din regiune \u00een domeniul<br \/>\nResurselor Umane, oferind servicii la cele mai \u00eenalte standarde profesionale \u0219i etice.&#8221; font_container=&#8221;tag:p|font_size:15.4px|text_align:center|color:var(&#8211;porto-primary-color)&#8221; use_theme_fonts=&#8221;yes&#8221; el_class=&#8221;m-b-md&#8221; css_params=&#8221;&#8221; animation_type=&#8221;bounce&#8221;][\/vc_tab][\/vc_tabs][\/vc_column][\/vc_row]<\/p>\n<\/div>","protected":false},"excerpt":{"rendered":"<p>[vc_row wrap_container=&#8221;yes&#8221; el_class=&#8221;pt-3 mt-4&#8243; css=&#8221;.vc_custom_1748439933888{background-color: #f3eddf !important;}&#8221; conditional_render=&#8221;%5B%7B%22value_role%22%3A%22administrator%22%7D%5D&#8221; css_params=&#8221;&#8221;][vc_column][vc_custom_heading text=&#8221;\u00cenfiiin\u021bat\u0103 \u00een 1995, agen\u021bia Professional s-a dezvoltat constant pe fondul necesit\u0103\u021bilor \u00een cre\u0219tere de servicii specializate \u0219i expertiz\u0103 \u00een domeniul resurselor umane.&#8221; font_container=&#8221;tag:p|font_size:17.4px|text_align:center&#8221; use_theme_fonts=&#8221;yes&#8221; animation_delay=&#8221;500&#8243; animation_type=&#8221;fadeInUp&#8221; css_params=&#8221;&#8221;][\/vc_column][\/vc_row][vc_row wrap_container=&#8221;yes&#8221; gap=&#8221;20&#8243; content_placement=&#8221;middle&#8221; el_class=&#8221;m-b-lg&#8221; css=&#8221;.vc_custom_1748439978342{padding-top: 10px !important;padding-bottom: 33px !important;background-color: #f3eddf !important;}&#8221; conditional_render=&#8221;%5B%7B%22value_role%22%3A%22administrator%22%7D%5D&#8221; css_params=&#8221;&#8221;][vc_column offset=&#8221;vc_col-lg-7 vc_col-md-6&#8243; el_class=&#8221;mb-lg-0 mb-4&#8243;][vc_row_inner content_placement=&#8221;middle&#8221; el_class=&#8221;custom-gutter-sm&#8221;][vc_column_inner [&hellip;]<\/p>\n","protected":false},"author":1,"featured_media":0,"parent":0,"menu_order":0,"comment_status":"closed","ping_status":"closed","template":"","meta":{"_acf_changed":false,"content-type":"","footnotes":""},"class_list":["post-4939","page","type-page","status-publish","hentry"],"acf":[],"_links":{"self":[{"href":"https:\/\/professional.com.ro\/new\/ro\/wp-json\/wp\/v2\/pages\/4939","targetHints":{"allow":["GET"]}}],"collection":[{"href":"https:\/\/professional.com.ro\/new\/ro\/wp-json\/wp\/v2\/pages"}],"about":[{"href":"https:\/\/professional.com.ro\/new\/ro\/wp-json\/wp\/v2\/types\/page"}],"author":[{"embeddable":true,"href":"https:\/\/professional.com.ro\/new\/ro\/wp-json\/wp\/v2\/users\/1"}],"replies":[{"embeddable":true,"href":"https:\/\/professional.com.ro\/new\/ro\/wp-json\/wp\/v2\/comments?post=4939"}],"version-history":[{"count":10,"href":"https:\/\/professional.com.ro\/new\/ro\/wp-json\/wp\/v2\/pages\/4939\/revisions"}],"predecessor-version":[{"id":5074,"href":"https:\/\/professional.com.ro\/new\/ro\/wp-json\/wp\/v2\/pages\/4939\/revisions\/5074"}],"wp:attachment":[{"href":"https:\/\/professional.com.ro\/new\/ro\/wp-json\/wp\/v2\/media?parent=4939"}],"curies":[{"name":"wp","href":"https:\/\/api.w.org\/{rel}","templated":true}]}}