{"id":4850,"date":"2025-03-26T05:56:34","date_gmt":"2025-03-26T05:56:34","guid":{"rendered":"https:\/\/professional.com.ro\/new\/?page_id=4850"},"modified":"2025-08-01T13:37:46","modified_gmt":"2025-08-01T13:37:46","slug":"interim-package","status":"publish","type":"page","link":"https:\/\/professional.com.ro\/new\/fr\/interim-package\/","title":{"rendered":"Int\u00e9rim"},"content":{"rendered":"<div class=\"wpb-content-wrapper\"><p>[vc_section top_divider_type=\u00a0\u00bbcustom\u00a0\u00bb top_divider_custom=\u00a0\u00bbJTNDc3ZnJTIweG1sbnMlM0QlMjJodHRwJTNBJTJGJTJGd3d3LnczLm9yZyUyRjIwMDAlMkZzdmclMjIlMjB4bWxucyUzQXhsaW5rJTNEJTIyaHR0cCUzQSUyRiUyRnd3dy53My5vcmclMkYxOTk5JTJGeGxpbmslMjIlMjBwcmVzZXJ2ZUFzcGVjdFJhdGlvJTNEJTIybm9uZSUyMiUyMHZpZXdCb3glM0QlMjIwJTIwMCUyMDE5MjAlMjAxMjMlMjIlMjB4JTNEJTIyMHB4JTIyJTIweSUzRCUyMjBweCUyMiUzRSUzQ3BvbHlnb24lMjBmaWxsJTNEJTIyJTIzRjNGM0YzJTIyJTIwcG9pbnRzJTNEJTIyMCUyQzkwJTIwMjIxJTJDNjAlMjA1NjMlMkM4OCUyMDkzMSUyQzM1JTIwMTQwOCUyQzkzJTIwMTkyMCUyQzQxJTIwMTkyMCUyQy0xJTIwMCUyQy0xJTIwJTIyJTNFJTIwJTIwJTIwJTIwJTNDJTJGcG9seWdvbiUzRSUzQ3BvbHlnb24lMjBmaWxsJTNEJTIyJTIzZjNlZGRmJTIyJTIwcG9pbnRzJTNEJTIyMCUyQzc1JTIwMjE5JTJDNDQlMjA1NjMlMkM3MiUyMDkzMCUyQzE5JTIwMTQwOCUyQzc3JTIwMTkyMCUyQzI1JTIwMTkyMCUyQy0xJTIwMCUyQy0xJTIwJTIyJTNFJTIwJTIwJTIwJTIwJTNDJTJGcG9seWdvbiUzRSUzQyUyRnN2ZyUzRQ==\u00a0\u00bb top_divider_height=\u00a0\u00bb123&Prime; conditional_render=\u00a0\u00bb%5B%7B%22value_role%22%3A%22administrator%22%7D%5D\u00a0\u00bb el_class=\u00a0\u00bbcustom-divider\u00a0\u00bb css=\u00a0\u00bb.vc_custom_1748442328143{background-color: #f3eddf !important;}\u00a0\u00bb css_params=\u00a0\u00bb\u00a0\u00bb][vc_row wrap_container=\u00a0\u00bbyes\u00a0\u00bb css=\u00a0\u00bb.vc_custom_1742968844071{padding-top: 50px !important;padding-bottom: 20px !important;background-color: var(&#8211;porto-primary-color) !important;}\u00a0\u00bb el_class=\u00a0\u00bbposition-relative overflow-hidden custom-banner-size\u00a0\u00bb conditional_render=\u00a0\u00bb%5B%7B%22value_role%22%3A%22administrator%22%7D%5D\u00a0\u00bb css_params=\u00a0\u00bb\u00a0\u00bb][vc_column width=\u00a0\u00bb7\/12&Prime; el_class=\u00a0\u00bbpy-4 my-2 ms-md-3 ms-lg-0&Prime; offset=\u00a0\u00bbvc_col-md-8&Prime;][vc_empty_space height=\u00a0\u00bb62px\u00a0\u00bb css_params=\u00a0\u00bb\u00a0\u00bb][vc_custom_heading text=\u00a0\u00bbNous offrons des services extraordinaires\u00a0\u00bb font_container=\u00a0\u00bbtag:h3|font_size:35px|text_align:left|line_height:1.3&Prime; use_theme_fonts=\u00a0\u00bbyes\u00a0\u00bb font_weight=\u00a0\u00bb500&Prime; letter_spacing=\u00a0\u00bb0&Prime; animation_delay=\u00a0\u00bb250&Prime; el_class=\u00a0\u00bbtext-white mb-3 pb-1&Prime; animation_type=\u00a0\u00bbfadeInUp\u00a0\u00bb css_params=\u00a0\u00bb\u00a0\u00bb][vc_empty_space css_params=\u00a0\u00bb\u00a0\u00bb][vc_custom_heading text=\u00a0\u00bbPartant de l\u2019\u00e9volution des besoins sp\u00e9cifiques de nos clients, nationaux et internationaux, ainsi que de notre expertise de plus de 30 ans dans la fourniture de solutions int\u00e9gr\u00e9es bas\u00e9es sur l\u2019int\u00e9rim, nous avons con\u00e7u une offre de services compl\u00e8te sp\u00e9cialement d\u00e9di\u00e9e \u00e0 ce type de besoins.\u00a0\u00bb font_container=\u00a0\u00bbtag:p|font_size:15.4px|text_align:left|color:var(&#8211;porto-light-color)\u00a0\u00bb use_theme_fonts=\u00a0\u00bbyes\u00a0\u00bb animation_delay=\u00a0\u00bb500&Prime; animation_type=\u00a0\u00bbfadeInUp\u00a0\u00bb el_class=\u00a0\u00bbpb-3 mb-4&Prime; css_params=\u00a0\u00bb\u00a0\u00bb][vc_custom_heading text=\u00a0\u00bbNous avons d\u00e9velopp\u00e9 et continuons de d\u00e9velopper des projets couvrant un large \u00e9ventail en termes de complexit\u00e9, volume et envergure, dans des secteurs tels que l\u2019agroalimentaire, le textile, le p\u00e9trole, l\u2019agriculture et l\u2019informatique.\u00a0\u00bb font_container=\u00a0\u00bbtag:p|font_size:15.4px|text_align:left|color:var(&#8211;porto-light-color)\u00a0\u00bb use_theme_fonts=\u00a0\u00bbyes\u00a0\u00bb animation_delay=\u00a0\u00bb500&Prime; animation_type=\u00a0\u00bbfadeInUp\u00a0\u00bb el_class=\u00a0\u00bbpb-3 mb-4&Prime; css_params=\u00a0\u00bb\u00a0\u00bb][vc_custom_heading text=\u00a0\u00bbNos projets se d\u00e9roulent au niveau national et international, couvrant des pays comme l\u2019Allemagne, la Belgique, la France, la Suisse, etc.\u00a0\u00bb font_container=\u00a0\u00bbtag:p|font_size:15.4px|text_align:left|color:var(&#8211;porto-light-color)\u00a0\u00bb use_theme_fonts=\u00a0\u00bbyes\u00a0\u00bb animation_delay=\u00a0\u00bb500&Prime; animation_type=\u00a0\u00bbfadeInUp\u00a0\u00bb el_class=\u00a0\u00bbpb-3 mb-4&Prime; css_params=\u00a0\u00bb\u00a0\u00bb][vc_row_inner][vc_column_inner width=\u00a0\u00bb1\/2&Prime;][vc_column_text css=\u00a0\u00bb\u00a0\u00bb css_params=\u00a0\u00bb\u00a0\u00bb]<\/p>\n<h3><i class=\"fa-solid fa-globe\"><\/i> 687+ Personnes employ\u00e9es<\/h3>\n<p>[\/vc_column_text][\/vc_column_inner][vc_column_inner width=\u00a0\u00bb1\/2&Prime;][vc_column_text css=\u00a0\u00bb\u00a0\u00bb css_params=\u00a0\u00bb\u00a0\u00bb]<\/p>\n<h3><i class=\"fa-solid fa-handshake\"><\/i> 672+\u00a0Des entreprises satisfaites<\/h3>\n<p>[\/vc_column_text][\/vc_column_inner][\/vc_row_inner][\/vc_column][vc_column width=\u00a0\u00bb1\/2&Prime; el_class=\u00a0\u00bboverlay-color-professional custom-overlay custom-contact h-100 d-none d-md-block\u00a0\u00bb css=\u00a0\u00bb.vc_custom_1742969164196{background-image: url(\/\/sw-themes.com\/porto_dummy\/wp-content\/uploads\/2021\/02\/background-2.jpg?id=318) !important;background-position: center !important;background-repeat: no-repeat !important;background-size: cover !important;}\u00a0\u00bb conditional_render=\u00a0\u00bb%5B%7B%22value_role%22%3A%22administrator%22%7D%5D\u00a0\u00bb css_params=\u00a0\u00bb\u00a0\u00bb][\/vc_column][\/vc_row][\/vc_section][vc_row wrap_container=\u00a0\u00bbyes\u00a0\u00bb css=\u00a0\u00bb.vc_custom_1613432994797{padding-top: 4.6153846154rem !important;padding-bottom: 4.6153846154rem !important;background: #f7f7f7 url(\/\/sw-themes.com\/porto_dummy\/wp-content\/uploads\/2021\/02\/background-3.jpg?id=330) !important;background-position: center !important;background-repeat: no-repeat !important;background-size: cover !important;}\u00a0\u00bb][vc_column][vc_custom_heading text=\u00a0\u00bbOffre int\u00e9gr\u00e9e Int\u00e9rim\u00a0\u00bb font_container=\u00a0\u00bbtag:h3|font_size:35px|text_align:center|line_height:1.3&Prime; use_theme_fonts=\u00a0\u00bbyes\u00a0\u00bb font_weight=\u00a0\u00bb600&Prime; letter_spacing=\u00a0\u00bb-1.75px\u00a0\u00bb animation_delay=\u00a0\u00bb250&Prime; el_class=\u00a0\u00bbtext-dark mb-4 pb-3&Prime; animation_type=\u00a0\u00bbfadeInUp\u00a0\u00bb css_params=\u00a0\u00bb\u00a0\u00bb][\/vc_column][vc_column animation_delay=\u00a0\u00bb750&Prime; offset=\u00a0\u00bbvc_col-md-11&Prime; el_class=\u00a0\u00bbmx-auto\u00a0\u00bb animation_type=\u00a0\u00bbfadeInUp\u00a0\u00bb]<div class=\"porto-carousel owl-carousel has-ccols ccols-xl-1 ccols-lg-1 ccols-md-1 ccols-sm-1 ccols-1 box-shadow-4 mb-4 bg-white stage-margin wpb_custom_683d7e68080059f1fb03f7280196f2d3 nav-pos-outside nav-style-1\" data-plugin-options=\"{&quot;themeConfig&quot;:true,&quot;stagePadding&quot;:10,&quot;margin&quot;:0,&quot;autoplay&quot;:false,&quot;mouseDrag&quot;:true,&quot;touchDrag&quot;:true,&quot;autoplayTimeout&quot;:5000,&quot;autoplayHoverPause&quot;:false,&quot;items&quot;:1,&quot;xl&quot;:1,&quot;lg&quot;:1,&quot;md&quot;:1,&quot;sm&quot;:1,&quot;xs&quot;:1,&quot;nav&quot;:&quot;yes&quot;,&quot;dots&quot;:false,&quot;animateIn&quot;:&quot;&quot;,&quot;animateOut&quot;:&quot;&quot;,&quot;loop&quot;:false,&quot;center&quot;:false,&quot;video&quot;:false,&quot;lazyLoad&quot;:false,&quot;fullscreen&quot;:false}\">[vc_column_text css=\u00a0\u00bb\u00a0\u00bb text_color=\u00a0\u00bbvar(&#8211;porto-dark-color)\u00a0\u00bb css_params=\u00a0\u00bb\u00a0\u00bb]Services inclus:<\/p>\n<h3>01<\/h3>\n<p><strong>Recrutement et \u00e9valuation du personnel<\/strong><br \/>\napplicable au domaine de l\u2019int\u00e9rim, o\u00f9 ces processus sont particuliers par leur volume et leur sp\u00e9cialisation professionnelle<\/p>\n<h3>02<\/h3>\n<p><strong>Placement du personnel et assistance<\/strong><br \/>\ntout au long de la dur\u00e9e du contrat.<\/p>\n<h3>03<\/h3>\n<p><strong>Embauche du personnel<\/strong><br \/>\navec prise en charge des aspects l\u00e9gaux, op\u00e9rationnels, sant\u00e9 et s\u00e9curit\u00e9 au travail, int\u00e9gration professionnelle et organisationnelle<\/p>\n<h3>04<\/h3>\n<p><strong>Gestion du personnel et paie<\/strong><br \/>\ndepuis la r\u00e9daction des contrats de travail, la gestion de toutes les formalit\u00e9s l\u00e9gales li\u00e9es au bon d\u00e9roulement de l\u2019activit\u00e9 professionnelle, services d\u2019assistance sp\u00e9cifiques sur site, paie, gestion des relations avec les employ\u00e9s et les autorit\u00e9s comp\u00e9tentes dans ce domaine.<\/p>\n<h3>05<\/h3>\n<p><strong>Logistique \u2013 informationnelle, op\u00e9rationnelle, l\u00e9gale.<\/strong><br \/>\nNous mettons \u00e0 disposition de nos clients une infrastructure logistique d\u00e9taill\u00e9e et constamment mise \u00e0 jour sur ces trois composantes[\/vc_column_text]<\/div>[\/vc_column][\/vc_row]<\/p>\n<\/div>","protected":false},"excerpt":{"rendered":"<p>[vc_section top_divider_type=\u00a0\u00bbcustom\u00a0\u00bb top_divider_custom=\u00a0\u00bbJTNDc3ZnJTIweG1sbnMlM0QlMjJodHRwJTNBJTJGJTJGd3d3LnczLm9yZyUyRjIwMDAlMkZzdmclMjIlMjB4bWxucyUzQXhsaW5rJTNEJTIyaHR0cCUzQSUyRiUyRnd3dy53My5vcmclMkYxOTk5JTJGeGxpbmslMjIlMjBwcmVzZXJ2ZUFzcGVjdFJhdGlvJTNEJTIybm9uZSUyMiUyMHZpZXdCb3glM0QlMjIwJTIwMCUyMDE5MjAlMjAxMjMlMjIlMjB4JTNEJTIyMHB4JTIyJTIweSUzRCUyMjBweCUyMiUzRSUzQ3BvbHlnb24lMjBmaWxsJTNEJTIyJTIzRjNGM0YzJTIyJTIwcG9pbnRzJTNEJTIyMCUyQzkwJTIwMjIxJTJDNjAlMjA1NjMlMkM4OCUyMDkzMSUyQzM1JTIwMTQwOCUyQzkzJTIwMTkyMCUyQzQxJTIwMTkyMCUyQy0xJTIwMCUyQy0xJTIwJTIyJTNFJTIwJTIwJTIwJTIwJTNDJTJGcG9seWdvbiUzRSUzQ3BvbHlnb24lMjBmaWxsJTNEJTIyJTIzZjNlZGRmJTIyJTIwcG9pbnRzJTNEJTIyMCUyQzc1JTIwMjE5JTJDNDQlMjA1NjMlMkM3MiUyMDkzMCUyQzE5JTIwMTQwOCUyQzc3JTIwMTkyMCUyQzI1JTIwMTkyMCUyQy0xJTIwMCUyQy0xJTIwJTIyJTNFJTIwJTIwJTIwJTIwJTNDJTJGcG9seWdvbiUzRSUzQyUyRnN2ZyUzRQ==\u00a0\u00bb top_divider_height=\u00a0\u00bb123&Prime; conditional_render=\u00a0\u00bb%5B%7B%22value_role%22%3A%22administrator%22%7D%5D\u00a0\u00bb el_class=\u00a0\u00bbcustom-divider\u00a0\u00bb css=\u00a0\u00bb.vc_custom_1748442328143{background-color: #f3eddf !important;}\u00a0\u00bb css_params=\u00a0\u00bb\u00a0\u00bb][vc_row wrap_container=\u00a0\u00bbyes\u00a0\u00bb css=\u00a0\u00bb.vc_custom_1742968844071{padding-top: 50px !important;padding-bottom: 20px !important;background-color: var(&#8211;porto-primary-color) !important;}\u00a0\u00bb el_class=\u00a0\u00bbposition-relative overflow-hidden custom-banner-size\u00a0\u00bb conditional_render=\u00a0\u00bb%5B%7B%22value_role%22%3A%22administrator%22%7D%5D\u00a0\u00bb css_params=\u00a0\u00bb\u00a0\u00bb][vc_column width=\u00a0\u00bb7\/12&Prime; el_class=\u00a0\u00bbpy-4 my-2 ms-md-3 ms-lg-0&Prime; offset=\u00a0\u00bbvc_col-md-8&Prime;][vc_empty_space height=\u00a0\u00bb62px\u00a0\u00bb css_params=\u00a0\u00bb\u00a0\u00bb][vc_custom_heading text=\u00a0\u00bbNous offrons des services extraordinaires\u00a0\u00bb font_container=\u00a0\u00bbtag:h3|font_size:35px|text_align:left|line_height:1.3&Prime; use_theme_fonts=\u00a0\u00bbyes\u00a0\u00bb font_weight=\u00a0\u00bb500&Prime; letter_spacing=\u00a0\u00bb0&Prime; animation_delay=\u00a0\u00bb250&Prime; el_class=\u00a0\u00bbtext-white mb-3 pb-1&Prime; animation_type=\u00a0\u00bbfadeInUp\u00a0\u00bb css_params=\u00a0\u00bb\u00a0\u00bb][vc_empty_space css_params=\u00a0\u00bb\u00a0\u00bb][vc_custom_heading text=\u00a0\u00bbPartant de l\u2019\u00e9volution des besoins sp\u00e9cifiques de nos [&hellip;]<\/p>\n","protected":false},"author":1,"featured_media":0,"parent":0,"menu_order":0,"comment_status":"closed","ping_status":"closed","template":"","meta":{"_acf_changed":false,"content-type":"","footnotes":""},"class_list":["post-4850","page","type-page","status-publish","hentry"],"acf":[],"_links":{"self":[{"href":"https:\/\/professional.com.ro\/new\/fr\/wp-json\/wp\/v2\/pages\/4850","targetHints":{"allow":["GET"]}}],"collection":[{"href":"https:\/\/professional.com.ro\/new\/fr\/wp-json\/wp\/v2\/pages"}],"about":[{"href":"https:\/\/professional.com.ro\/new\/fr\/wp-json\/wp\/v2\/types\/page"}],"author":[{"embeddable":true,"href":"https:\/\/professional.com.ro\/new\/fr\/wp-json\/wp\/v2\/users\/1"}],"replies":[{"embeddable":true,"href":"https:\/\/professional.com.ro\/new\/fr\/wp-json\/wp\/v2\/comments?post=4850"}],"version-history":[{"count":9,"href":"https:\/\/professional.com.ro\/new\/fr\/wp-json\/wp\/v2\/pages\/4850\/revisions"}],"predecessor-version":[{"id":4908,"href":"https:\/\/professional.com.ro\/new\/fr\/wp-json\/wp\/v2\/pages\/4850\/revisions\/4908"}],"wp:attachment":[{"href":"https:\/\/professional.com.ro\/new\/fr\/wp-json\/wp\/v2\/media?parent=4850"}],"curies":[{"name":"wp","href":"https:\/\/api.w.org\/{rel}","templated":true}]}}