{"id":4796,"date":"2021-02-10T02:33:27","date_gmt":"2021-02-10T02:33:27","guid":{"rendered":"https:\/\/professional.com.ro\/new\/about-us\/"},"modified":"2025-07-17T09:43:52","modified_gmt":"2025-07-17T09:43:52","slug":"about-us","status":"publish","type":"page","link":"https:\/\/professional.com.ro\/new\/fr\/about-us\/","title":{"rendered":"\u00c0 propos"},"content":{"rendered":"<div class=\"wpb-content-wrapper\"><p>[vc_row wrap_container=\u00a0\u00bbyes\u00a0\u00bb el_class=\u00a0\u00bbpt-3 mt-4&Prime; css=\u00a0\u00bb.vc_custom_1748439933888{background-color: #f3eddf !important;}\u00a0\u00bb conditional_render=\u00a0\u00bb%5B%7B%22value_role%22%3A%22administrator%22%7D%5D\u00a0\u00bb css_params=\u00a0\u00bb\u00a0\u00bb][vc_column][vc_custom_heading text=\u00a0\u00bbProfessionnel a \u00e9t\u00e9 cr\u00e9\u00e9 en 1995 et a \u00e9volu\u00e9 depuis en fonction du besoin croissant de services professionnels et d&rsquo;expertise en ressources humaines.\u00a0\u00bb font_container=\u00a0\u00bbtag:p|font_size:17.4px|text_align:center\u00a0\u00bb use_theme_fonts=\u00a0\u00bbyes\u00a0\u00bb animation_delay=\u00a0\u00bb500&Prime; animation_type=\u00a0\u00bbfadeInUp\u00a0\u00bb css_params=\u00a0\u00bb\u00a0\u00bb][\/vc_column][\/vc_row][vc_row wrap_container=\u00a0\u00bbyes\u00a0\u00bb gap=\u00a0\u00bb20&Prime; content_placement=\u00a0\u00bbmiddle\u00a0\u00bb el_class=\u00a0\u00bbm-b-lg\u00a0\u00bb css=\u00a0\u00bb.vc_custom_1748439978342{padding-top: 10px !important;padding-bottom: 33px !important;background-color: #f3eddf !important;}\u00a0\u00bb conditional_render=\u00a0\u00bb%5B%7B%22value_role%22%3A%22administrator%22%7D%5D\u00a0\u00bb css_params=\u00a0\u00bb\u00a0\u00bb][vc_column offset=\u00a0\u00bbvc_col-lg-7 vc_col-md-6&Prime; el_class=\u00a0\u00bbmb-lg-0 mb-4&Prime;][vc_row_inner content_placement=\u00a0\u00bbmiddle\u00a0\u00bb el_class=\u00a0\u00bbcustom-gutter-sm\u00a0\u00bb][vc_column_inner el_class=\u00a0\u00bbcol-auto mb-md-0 mb-4&Prime; width=\u00a0\u00bb1\/2&Prime; animation_delay=\u00a0\u00bb1000&Prime; offset=\u00a0\u00bbvc_col-xs-12&Prime; animation_type=\u00a0\u00bbfadeInLeft\u00a0\u00bb]<div class=\"porto-sicon-box mb-0 custom-info-style  wpb_custom_860683fe6d5975d7b2cff563f7366f5c style_1 default-icon\"><div class=\"porto-sicon-default\"><div class=\"porto-just-icon-wrapper porto-sicon-img  porto-icon-9f5d1cfb45d27d96b50bf473aebba227\" style=\"font-size: 63px;margin-right:16px;\"><img loading=\"lazy\" decoding=\"async\" class=\"img-icon\" alt=\"\" src=\"https:\/\/professional.com.ro\/new\/wp-content\/uploads\/2025\/07\/p-icon-1.png\" width=\"63\" height=\"63\" \/><\/div><\/div><div class=\"porto-sicon-header\"><h3 class=\"porto-sicon-title\" style=\"font-weight:700;font-size:38.5px;line-height:26px;letter-spacing:0;margin-bottom:0px;\">30+<\/h3><p style=\"font-weight:700;font-size:14px;line-height:26px;color:#212529;\">ann\u00e9es d'exp\u00e9rience<\/p><\/div> <!-- header --><\/div><!-- porto-sicon-box -->[\/vc_column_inner][\/vc_row_inner][\/vc_column][vc_column offset=\u00a0\u00bbvc_col-lg-5 vc_col-md-6&Prime; el_class=\u00a0\u00bbcustom-gutter-sm\u00a0\u00bb][vc_btn title=\u00a0\u00bbContactez-nous\u00a0\u00bb skin=\u00a0\u00bbdark\u00a0\u00bb btn_fs=\u00a0\u00bb0.9625rem\u00a0\u00bb btn_fw=\u00a0\u00bb600&Prime; btn_ls=\u00a0\u00bb0&Prime; animation_delay=\u00a0\u00bb1600&Prime; link=\u00a0\u00bburl:https%3A%2F%2Fprofessional.com.ro%2Fnew%2Fcontact-us%2F|title:Contact%20Us\u00a0\u00bb el_class=\u00a0\u00bbcustom-btn-style-1 mb-0 col-auto\u00a0\u00bb btn_px=\u00a0\u00bb20px\u00a0\u00bb btn_py=\u00a0\u00bb12px\u00a0\u00bb animation_type=\u00a0\u00bbfadeInLeft\u00a0\u00bb css_params=\u00a0\u00bb\u00a0\u00bb]<a class=\"porto-sicon-box-link\" href=\"tel:+4%20021%20310%2020%2025\"><div class=\"porto-sicon-box col-auto mb-0 text-color-hover-primary mt-4 mt-sm-0  wpb_custom_860683fe6d5975d7b2cff563f7366f5c style_1 default-icon\" data-appear-animation=\"fadeInLeft\" data-appear-animation-delay=\"1800\"><div class=\"porto-sicon-default\"><div class=\"porto-just-icon-wrapper porto-icon none\" style=\"color:#212529;font-size:25px;margin-right:8px;\"><i class=\"porto-icon-phone-call\"><\/i><\/div><\/div><div class=\"porto-sicon-header\"><h3 class=\"porto-sicon-title\" style=\"font-weight:600;font-size:14px;letter-spacing:0;\">+4 021 310 20 25<\/h3><\/div> <!-- header --><\/div><!-- porto-sicon-box --><\/a>[\/vc_column][\/vc_row][vc_row wrap_container=\u00a0\u00bbyes\u00a0\u00bb gap=\u00a0\u00bb20&Prime; css=\u00a0\u00bb.vc_custom_1748439989344{background-color: #f3eddf !important;}\u00a0\u00bb conditional_render=\u00a0\u00bb%5B%7B%22value_role%22%3A%22administrator%22%7D%5D\u00a0\u00bb css_params=\u00a0\u00bb\u00a0\u00bb][vc_column width=\u00a0\u00bb1\/2&Prime; el_class=\u00a0\u00bbmb-4 mb-md-0 custom-height-1 custom-width-1&Prime; offset=\u00a0\u00bbvc_col-xs-12&Prime;][vc_single_image image=\u00a0\u00bb4179&Prime; img_size=\u00a0\u00bbfull\u00a0\u00bb css=\u00a0\u00bb\u00a0\u00bb el_class=\u00a0\u00bbcustom-box-shadow-1 mb-0&Prime; css_params=\u00a0\u00bb\u00a0\u00bb][\/vc_column][vc_column width=\u00a0\u00bb1\/4&Prime; offset=\u00a0\u00bbvc_col-xs-6&Prime; el_class=\u00a0\u00bbcustom-height-1 custom-width-1&Prime;][vc_single_image image=\u00a0\u00bb4177&Prime; img_size=\u00a0\u00bbfull\u00a0\u00bb css=\u00a0\u00bb\u00a0\u00bb el_class=\u00a0\u00bbcustom-box-shadow-1 mb-0&Prime; css_params=\u00a0\u00bb\u00a0\u00bb][\/vc_column][vc_column width=\u00a0\u00bb1\/4&Prime; offset=\u00a0\u00bbvc_col-xs-6&Prime; el_class=\u00a0\u00bbcustom-width-1 custom-height-2 custom-height-1&Prime;][vc_single_image image=\u00a0\u00bb120&Prime; img_size=\u00a0\u00bbfull\u00a0\u00bb animation_delay=\u00a0\u00bb200&Prime; el_class=\u00a0\u00bbmb-4 custom-box-shadow-1&Prime; animation_type=\u00a0\u00bbfadeInRight\u00a0\u00bb][vc_single_image image=\u00a0\u00bb4382&Prime; img_size=\u00a0\u00bbfull\u00a0\u00bb css=\u00a0\u00bb\u00a0\u00bb animation_delay=\u00a0\u00bb200&Prime; animation_type=\u00a0\u00bbfadeInRight\u00a0\u00bb el_class=\u00a0\u00bbcustom-box-shadow-1 mb-0&Prime; css_params=\u00a0\u00bb\u00a0\u00bb][\/vc_column][\/vc_row][vc_section top_divider_type=\u00a0\u00bbcustom\u00a0\u00bb top_divider_custom=\u00a0\u00bbJTNDc3ZnJTIweG1sbnMlM0QlMjJodHRwJTNBJTJGJTJGd3d3LnczLm9yZyUyRjIwMDAlMkZzdmclMjIlMjB4bWxucyUzQXhsaW5rJTNEJTIyaHR0cCUzQSUyRiUyRnd3dy53My5vcmclMkYxOTk5JTJGeGxpbmslMjIlMjBwcmVzZXJ2ZUFzcGVjdFJhdGlvJTNEJTIybm9uZSUyMiUyMHZpZXdCb3glM0QlMjIwJTIwMCUyMDE5MjAlMjAxMjMlMjIlMjB4JTNEJTIyMHB4JTIyJTIweSUzRCUyMjBweCUyMiUzRSUzQ3BvbHlnb24lMjBmaWxsJTNEJTIyJTIzRjNGM0YzJTIyJTIwcG9pbnRzJTNEJTIyMCUyQzkwJTIwMjIxJTJDNjAlMjA1NjMlMkM4OCUyMDkzMSUyQzM1JTIwMTQwOCUyQzkzJTIwMTkyMCUyQzQxJTIwMTkyMCUyQy0xJTIwMCUyQy0xJTIwJTIyJTNFJTIwJTIwJTIwJTIwJTNDJTJGcG9seWdvbiUzRSUzQ3BvbHlnb24lMjBmaWxsJTNEJTIyJTIzZjNlZGRmJTIyJTIwcG9pbnRzJTNEJTIyMCUyQzc1JTIwMjE5JTJDNDQlMjA1NjMlMkM3MiUyMDkzMCUyQzE5JTIwMTQwOCUyQzc3JTIwMTkyMCUyQzI1JTIwMTkyMCUyQy0xJTIwMCUyQy0xJTIwJTIyJTNFJTIwJTIwJTIwJTIwJTNDJTJGcG9seWdvbiUzRSUzQyUyRnN2ZyUzRQ==\u00a0\u00bb bottom_divider_type=\u00a0\u00bbcustom\u00a0\u00bb bottom_divider_custom=\u00a0\u00bbJTNDc3ZnJTIweG1sbnMlM0QlMjJodHRwJTNBJTJGJTJGd3d3LnczLm9yZyUyRjIwMDAlMkZzdmclMjIlMjB4bWxucyUzQXhsaW5rJTNEJTIyaHR0cCUzQSUyRiUyRnd3dy53My5vcmclMkYxOTk5JTJGeGxpbmslMjIlMjBwcmVzZXJ2ZUFzcGVjdFJhdGlvJTNEJTIybm9uZSUyMiUyMHZpZXdCb3glM0QlMjIwJTIwMCUyMDE5MjAlMjAxMjMlMjIlMjB4JTNEJTIyMHB4JTIyJTIweSUzRCUyMjBweCUyMiUzRSUzQ3BvbHlnb24lMjBmaWxsJTNEJTIyJTIzRjNGM0YzJTIyJTIwcG9pbnRzJTNEJTIyMCUyQzkwJTIwMjIxJTJDNjAlMjA1NjMlMkM4OCUyMDkzMSUyQzM1JTIwMTQwOCUyQzkzJTIwMTkyMCUyQzQxJTIwMTkyMCUyQy0xJTIwMCUyQy0xJTIwJTIyJTNFJTIwJTIwJTIwJTIwJTNDJTJGcG9seWdvbiUzRSUzQ3BvbHlnb24lMjBmaWxsJTNEJTIyJTIzZjNlZGRmJTIyJTIwcG9pbnRzJTNEJTIyMCUyQzc1JTIwMjE5JTJDNDQlMjA1NjMlMkM3MiUyMDkzMCUyQzE5JTIwMTQwOCUyQzc3JTIwMTkyMCUyQzI1JTIwMTkyMCUyQy0xJTIwMCUyQy0xJTIwJTIyJTNFJTIwJTIwJTIwJTIwJTNDJTJGcG9seWdvbiUzRSUzQyUyRnN2ZyUzRQ==\u00a0\u00bb bottom_divider_invert=\u00a0\u00bbtrue\u00a0\u00bb top_divider_height=\u00a0\u00bb123&Prime; conditional_render=\u00a0\u00bb%5B%7B%22value_role%22%3A%22administrator%22%7D%5D\u00a0\u00bb bottom_divider_height=\u00a0\u00bb123&Prime; css=\u00a0\u00bb.vc_custom_1748442499284{background-color: #f3eddf !important;}\u00a0\u00bb css_params=\u00a0\u00bb\u00a0\u00bb][vc_row wrap_container=\u00a0\u00bbyes\u00a0\u00bb content_placement=\u00a0\u00bbmiddle\u00a0\u00bb el_class=\u00a0\u00bbposition-relative overflow-hidden\u00a0\u00bb css=\u00a0\u00bb.vc_custom_1748440239491{padding-top: 10.4230769231rem !important;padding-bottom: 9.323077rem !important;background-color: #ededed !important;}\u00a0\u00bb conditional_render=\u00a0\u00bb%5B%7B%22value_role%22%3A%22administrator%22%7D%5D\u00a0\u00bb css_params=\u00a0\u00bb\u00a0\u00bb][vc_column offset=\u00a0\u00bbvc_col-md-5&Prime;][vc_single_image image=\u00a0\u00bb452&Prime; img_size=\u00a0\u00bbfull\u00a0\u00bb alignment=\u00a0\u00bbcenter\u00a0\u00bb el_class=\u00a0\u00bbmb-0&Prime;][vc_empty_space css_params=\u00a0\u00bb\u00a0\u00bb][vc_custom_heading text=\u00a0\u00bbLa voie \u00abprofessionnelle\u00bb\u00a0\u00bb font_container=\u00a0\u00bbtag:h2|font_size:35px|text_align:left|line_height:1.3&Prime; use_theme_fonts=\u00a0\u00bbyes\u00a0\u00bb font_weight=\u00a0\u00bb600&Prime; letter_spacing=\u00a0\u00bb-0.05em\u00a0\u00bb el_class=\u00a0\u00bbmb-4&Prime; css_params=\u00a0\u00bb\u00a0\u00bb][vc_column_text css=\u00a0\u00bb\u00a0\u00bb text_color=\u00a0\u00bbvar(&#8211;porto-dark-color)\u00a0\u00bb css_params=\u00a0\u00bb\u00a0\u00bb]\u2713 Comprendre ceux avec qui nous travaillons<br \/>\n\u2713 Aborder les missions en respectant l&rsquo;environnement \u00e9conomique, culturel et social local<br \/>\n\u2713 D\u00e9velopper notre activit\u00e9 dans le respect des normes \u00e9thiques et de conduite professionnelle les plus \u00e9lev\u00e9es[\/vc_column_text][\/vc_column][vc_column offset=\u00a0\u00bbvc_col-md-7&Prime;][vc_custom_heading text=\u00a0\u00bbAdh\u00e9sion\u00a0\u00bb font_container=\u00a0\u00bbtag:h2|font_size:35px|text_align:left|line_height:1.3&Prime; use_theme_fonts=\u00a0\u00bbyes\u00a0\u00bb font_weight=\u00a0\u00bb600&Prime; letter_spacing=\u00a0\u00bb-0.05em\u00a0\u00bb el_class=\u00a0\u00bbmb-4&Prime; css_params=\u00a0\u00bb\u00a0\u00bb][vc_column_text css=\u00a0\u00bb\u00a0\u00bb text_color=\u00a0\u00bbvar(&#8211;porto-dark-color)\u00a0\u00bb css_params=\u00a0\u00bb\u00a0\u00bb]Nous consid\u00e9rons le r\u00e9seautage comme un outil important, c&rsquo;est pourquoi nous sommes membres de diverses organisations locales et internationales.<br \/>\n\u2713 Groupe Cornerstone International \u2013www.cornerstone-group.com<br \/>\n\u2713 AESC \u2013 L&rsquo;Association des Consultants en Recherche de Cadres<br \/>\n\u2713 AMCHAM &#8211; La Chambre de Commerce Am\u00e9ricaine<br \/>\n\u2713 AFSRU \u2013 Asocia\u021bia Furnizorilor de Servicii de Resurse Umane (Association des Fournisseurs de Services RH)[\/vc_column_text][vc_empty_space css_params=\u00a0\u00bb\u00a0\u00bb][vc_custom_heading text=\u00a0\u00bbTerritoire\u00a0\u00bb font_container=\u00a0\u00bbtag:h2|font_size:35px|text_align:left|line_height:1.3&Prime; use_theme_fonts=\u00a0\u00bbyes\u00a0\u00bb font_weight=\u00a0\u00bb600&Prime; letter_spacing=\u00a0\u00bb-0.05em\u00a0\u00bb el_class=\u00a0\u00bbmb-4&Prime; css_params=\u00a0\u00bb\u00a0\u00bb][vc_column_text css=\u00a0\u00bb\u00a0\u00bb text_color=\u00a0\u00bbvar(&#8211;porto-dark-color)\u00a0\u00bb css_params=\u00a0\u00bb\u00a0\u00bb]S&rsquo;efforcer d&rsquo;\u00e9largir le territoire couvert par nos services afin d&rsquo;\u00eatre l\u00e0 o\u00f9 vous avez besoin de notre expertise[\/vc_column_text][\/vc_column][\/vc_row][\/vc_section][vc_row wrap_container=\u00a0\u00bbyes\u00a0\u00bb el_class=\u00a0\u00bbpy-5 mb-5&Prime; css=\u00a0\u00bb.vc_custom_1748440275033{background-color: #f3eddf !important;}\u00a0\u00bb conditional_render=\u00a0\u00bb%5B%7B%22value_role%22%3A%22administrator%22%7D%5D\u00a0\u00bb css_params=\u00a0\u00bb\u00a0\u00bb][vc_column][vc_tabs position=\u00a0\u00bbtop-center\u00a0\u00bb type=\u00a0\u00bbtabs-simple\u00a0\u00bb el_class=\u00a0\u00bbcustom-tab mb-0&Prime;][vc_tab title=\u00a0\u00bbVision\u00a0\u00bb tab_id=\u00a0\u00bb18415a4a-c3b2-2&Prime;][vc_custom_heading text=\u00a0\u00bbNous pensons qu&rsquo;aucune solution n&rsquo;est \u00ab bonne \u00bb uniquement pour l&#8217;employeur ou uniquement pour<br \/>\nl\u2019employ\u00e9, ni des solutions \u00ab instantan\u00e9es \u00bb n\u2019existent pour certaines organisations ou personnes.\u00a0\u00bb font_container=\u00a0\u00bbtag:p|font_size:15.4px|text_align:center\u00a0\u00bb use_theme_fonts=\u00a0\u00bbyes\u00a0\u00bb el_class=\u00a0\u00bbm-b-md\u00a0\u00bb css_params=\u00a0\u00bb\u00a0\u00bb animation_type=\u00a0\u00bbbounce\u00a0\u00bb][vc_custom_heading text=\u00a0\u00bbLa vision de Professional est que les solutions appropri\u00e9es sont celles con\u00e7ues<br \/>\npour chaque organisation ou personne particuli\u00e8re, consid\u00e9r\u00e9e dans son ensemble.<br \/>\n\u00a0\u00bb font_container=\u00a0\u00bbtag:p|font_size:15.4px|text_align:center\u00a0\u00bb use_theme_fonts=\u00a0\u00bbyes\u00a0\u00bb el_class=\u00a0\u00bbm-b-md\u00a0\u00bb css_params=\u00a0\u00bb\u00a0\u00bb animation_type=\u00a0\u00bbbounce\u00a0\u00bb][\/vc_tab][vc_tab title=\u00a0\u00bbMission\u00a0\u00bb tab_id=\u00a0\u00bb1613658067791-2-1&Prime;][vc_custom_heading text=\u00a0\u00bbNotre mission est de contribuer de mani\u00e8re significative au succ\u00e8s de nos clients,<br \/>\najouter de la valeur \u00e0 leur entreprise en fournissant des solutions de haute qualit\u00e9 qui<br \/>\nfaire correspondre leurs int\u00e9r\u00eats avec ceux de leurs employ\u00e9s.\u00a0\u00bb font_container=\u00a0\u00bbtag:p|font_size:15.4px|text_align:center\u00a0\u00bb use_theme_fonts=\u00a0\u00bbyes\u00a0\u00bb el_class=\u00a0\u00bbm-b-md\u00a0\u00bb css_params=\u00a0\u00bb\u00a0\u00bb animation_type=\u00a0\u00bbbounce\u00a0\u00bb][vc_custom_heading text=\u00a0\u00bbNotre objectif est d&rsquo;\u00eatre le meilleur consultant en ressources humaines de notre r\u00e9gion,<br \/>\nfournir des services selon les normes professionnelles et \u00e9thiques les plus \u00e9lev\u00e9es.\u00a0\u00bb font_container=\u00a0\u00bbtag:p|font_size:15.4px|text_align:center\u00a0\u00bb use_theme_fonts=\u00a0\u00bbyes\u00a0\u00bb el_class=\u00a0\u00bbm-b-md\u00a0\u00bb css_params=\u00a0\u00bb\u00a0\u00bb animation_type=\u00a0\u00bbbounce\u00a0\u00bb][\/vc_tab][\/vc_tabs][\/vc_column][\/vc_row]<\/p>\n<\/div>","protected":false},"excerpt":{"rendered":"<p>[vc_row wrap_container=\u00a0\u00bbyes\u00a0\u00bb el_class=\u00a0\u00bbpt-3 mt-4&Prime; css=\u00a0\u00bb.vc_custom_1748439933888{background-color: #f3eddf !important;}\u00a0\u00bb conditional_render=\u00a0\u00bb%5B%7B%22value_role%22%3A%22administrator%22%7D%5D\u00a0\u00bb css_params=\u00a0\u00bb\u00a0\u00bb][vc_column][vc_custom_heading text=\u00a0\u00bbProfessionnel a \u00e9t\u00e9 cr\u00e9\u00e9 en 1995 et a \u00e9volu\u00e9 depuis en fonction du besoin croissant de services professionnels et d&rsquo;expertise en ressources humaines.\u00a0\u00bb font_container=\u00a0\u00bbtag:p|font_size:17.4px|text_align:center\u00a0\u00bb use_theme_fonts=\u00a0\u00bbyes\u00a0\u00bb animation_delay=\u00a0\u00bb500&Prime; animation_type=\u00a0\u00bbfadeInUp\u00a0\u00bb css_params=\u00a0\u00bb\u00a0\u00bb][\/vc_column][\/vc_row][vc_row wrap_container=\u00a0\u00bbyes\u00a0\u00bb gap=\u00a0\u00bb20&Prime; content_placement=\u00a0\u00bbmiddle\u00a0\u00bb el_class=\u00a0\u00bbm-b-lg\u00a0\u00bb css=\u00a0\u00bb.vc_custom_1748439978342{padding-top: 10px !important;padding-bottom: 33px !important;background-color: #f3eddf !important;}\u00a0\u00bb conditional_render=\u00a0\u00bb%5B%7B%22value_role%22%3A%22administrator%22%7D%5D\u00a0\u00bb css_params=\u00a0\u00bb\u00a0\u00bb][vc_column offset=\u00a0\u00bbvc_col-lg-7 vc_col-md-6&Prime; el_class=\u00a0\u00bbmb-lg-0 mb-4&Prime;][vc_row_inner content_placement=\u00a0\u00bbmiddle\u00a0\u00bb [&hellip;]<\/p>\n","protected":false},"author":1,"featured_media":0,"parent":0,"menu_order":0,"comment_status":"closed","ping_status":"closed","template":"","meta":{"_acf_changed":false,"content-type":"","footnotes":""},"class_list":["post-4796","page","type-page","status-publish","hentry"],"acf":[],"_links":{"self":[{"href":"https:\/\/professional.com.ro\/new\/fr\/wp-json\/wp\/v2\/pages\/4796","targetHints":{"allow":["GET"]}}],"collection":[{"href":"https:\/\/professional.com.ro\/new\/fr\/wp-json\/wp\/v2\/pages"}],"about":[{"href":"https:\/\/professional.com.ro\/new\/fr\/wp-json\/wp\/v2\/types\/page"}],"author":[{"embeddable":true,"href":"https:\/\/professional.com.ro\/new\/fr\/wp-json\/wp\/v2\/users\/1"}],"replies":[{"embeddable":true,"href":"https:\/\/professional.com.ro\/new\/fr\/wp-json\/wp\/v2\/comments?post=4796"}],"version-history":[{"count":8,"href":"https:\/\/professional.com.ro\/new\/fr\/wp-json\/wp\/v2\/pages\/4796\/revisions"}],"predecessor-version":[{"id":4890,"href":"https:\/\/professional.com.ro\/new\/fr\/wp-json\/wp\/v2\/pages\/4796\/revisions\/4890"}],"wp:attachment":[{"href":"https:\/\/professional.com.ro\/new\/fr\/wp-json\/wp\/v2\/media?parent=4796"}],"curies":[{"name":"wp","href":"https:\/\/api.w.org\/{rel}","templated":true}]}}